{"id":3763,"date":"2025-09-19T11:02:14","date_gmt":"2025-09-19T09:02:14","guid":{"rendered":"https:\/\/gtselbe.hamburg.de\/?page_id=3763"},"modified":"2025-09-25T13:54:11","modified_gmt":"2025-09-25T11:54:11","slug":"09-09-2025-alle-einschulung-der-neuen-erstklaessler","status":"publish","type":"page","link":"https:\/\/gtselbe.hamburg.de\/?page_id=3763","title":{"rendered":"09.09.25: [Alle] Einschulung der neuen Erstkl\u00e4ssler"},"content":{"rendered":"<p>P\u00fcnktlich um 10:15 Uhr taten sich die T\u00fcren unserer Turnhalle auf und viele Menschen str\u00f6mten hinein. Sehr aufgeregte \u00a0Grundsch\u00fcler*innen, die heute ihren ersten Schultag erleben durften und noch aufgeregtere Eltern, f\u00fcr die es ein \u201cLoslassen\u201c war und ein Verabschieden von der Kindergarten- und Vorschulzeit. Alle fanden ihre Pl\u00e4tze und schon ging es mit einem eindr\u00fccklichen Theaterst\u00fcck der 4ten Klassen los. Thema hier, die schwierige Suche nach einem geeigneten Zoow\u00e4rter, der es den Tieren recht macht und aus dem Tierpark eine Wohlf\u00fchloase macht.\u00a0 Ja, das war nicht leicht, da die passende Person zu finden. Am Ende klappte es dann, alle waren sehr zufrieden und der Applaus brandete los. Unser Dank gilt den 4ten Klassen, die unter Anleitung der erfahrenen Klassenlehrer*innen ein tolles Theaterst\u00fcck auf die B\u00fchne gebracht haben. Dann kam aber der Teil, weshalb sich so viele Menschen versammelt hatten: Namentlich wurden unsere neuen Sch\u00fclerinnen und Sch\u00fcler aufgerufen, begleitet vom Applaus aller Anwesenden. Dann ging es in den neuen Klassenraum, begleitet von den 2ten Klassen. Dort fand dann die erste Unterrichtsstunde statt. W\u00e4hrenddessen \u00a0genossen die Eltern in der warmen Sonne \u00a0Kaffee und Kuchen auf dem Schulhof. Anschlie\u00dfend holten die Eltern ihre neuen Erstkl\u00e4ssler aus dem Klassenraum ab, machten noch ganz viele Fotos und wurden in den Nachmittag entlassen. Mit dem Versprechen, sich am kommenden Morgen, um 8:00 Uhr wieder in der Klasse zu sein, verabschiedeten sich alle. Super Tag, super Wetter und alle waren gl\u00fccklich und zufrieden.<\/p>\n<p><img loading=\"lazy\" decoding=\"async\" class=\"alignnone size-full wp-image-3764\" src=\"https:\/\/gtselbe.hamburg.de\/wp-content\/uploads\/sites\/13\/2025\/09\/Einschulung-1.jpg\" alt=\"\" width=\"640\" height=\"480\" srcset=\"https:\/\/gtselbe.hamburg.de\/wp-content\/uploads\/sites\/13\/2025\/09\/Einschulung-1.jpg 640w, https:\/\/gtselbe.hamburg.de\/wp-content\/uploads\/sites\/13\/2025\/09\/Einschulung-1-300x225.jpg 300w\" sizes=\"auto, (max-width: 640px) 100vw, 640px\" \/> <img loading=\"lazy\" decoding=\"async\" class=\"alignnone size-large wp-image-3765\" src=\"https:\/\/gtselbe.hamburg.de\/wp-content\/uploads\/sites\/13\/2025\/09\/Einschulung-2.jpg\" alt=\"\" width=\"525\" height=\"394\" srcset=\"https:\/\/gtselbe.hamburg.de\/wp-content\/uploads\/sites\/13\/2025\/09\/Einschulung-2.jpg 640w, https:\/\/gtselbe.hamburg.de\/wp-content\/uploads\/sites\/13\/2025\/09\/Einschulung-2-300x225.jpg 300w\" sizes=\"auto, (max-width: 525px) 100vw, 525px\" \/><\/p>\n","protected":false},"excerpt":{"rendered":"<p>P\u00fcnktlich um 10:15 Uhr taten sich die T\u00fcren unserer Turnhalle auf und viele Menschen str\u00f6mten hinein. Sehr aufgeregte \u00a0Grundsch\u00fcler*innen, die heute ihren ersten Schultag erleben durften und noch aufgeregtere Eltern, f\u00fcr die es ein \u201cLoslassen\u201c war und ein Verabschieden von der Kindergarten- und Vorschulzeit. Alle fanden ihre Pl\u00e4tze und schon ging es mit einem eindr\u00fccklichen &hellip; <\/p>\n<p class=\"link-more\"><a href=\"https:\/\/gtselbe.hamburg.de\/?page_id=3763\" class=\"more-link\"><span class=\"screen-reader-text\">\u201e09.09.25: [Alle] Einschulung der neuen Erstkl\u00e4ssler\u201c <\/span>weiterlesen<\/a><\/p>\n","protected":false},"author":1587,"featured_media":0,"parent":0,"menu_order":0,"comment_status":"closed","ping_status":"closed","template":"","meta":{"_acf_changed":false,"footnotes":""},"class_list":["post-3763","page","type-page","status-publish","hentry"],"acf":[],"_links":{"self":[{"href":"https:\/\/gtselbe.hamburg.de\/index.php?rest_route=\/wp\/v2\/pages\/3763","targetHints":{"allow":["GET"]}}],"collection":[{"href":"https:\/\/gtselbe.hamburg.de\/index.php?rest_route=\/wp\/v2\/pages"}],"about":[{"href":"https:\/\/gtselbe.hamburg.de\/index.php?rest_route=\/wp\/v2\/types\/page"}],"author":[{"embeddable":true,"href":"https:\/\/gtselbe.hamburg.de\/index.php?rest_route=\/wp\/v2\/users\/1587"}],"replies":[{"embeddable":true,"href":"https:\/\/gtselbe.hamburg.de\/index.php?rest_route=%2Fwp%2Fv2%2Fcomments&post=3763"}],"version-history":[{"count":3,"href":"https:\/\/gtselbe.hamburg.de\/index.php?rest_route=\/wp\/v2\/pages\/3763\/revisions"}],"predecessor-version":[{"id":3822,"href":"https:\/\/gtselbe.hamburg.de\/index.php?rest_route=\/wp\/v2\/pages\/3763\/revisions\/3822"}],"wp:attachment":[{"href":"https:\/\/gtselbe.hamburg.de\/index.php?rest_route=%2Fwp%2Fv2%2Fmedia&parent=3763"}],"curies":[{"name":"wp","href":"https:\/\/api.w.org\/{rel}","templated":true}]}}