{"id":3768,"date":"2025-09-19T11:05:26","date_gmt":"2025-09-19T09:05:26","guid":{"rendered":"https:\/\/gtselbe.hamburg.de\/?page_id=3768"},"modified":"2025-09-25T13:53:38","modified_gmt":"2025-09-25T11:53:38","slug":"18-09-2025-klasse-1-besuch-von-dino-herrmann","status":"publish","type":"page","link":"https:\/\/gtselbe.hamburg.de\/?page_id=3768","title":{"rendered":"18.09.25: [Klasse 1] Besuch von Dino Herrmann"},"content":{"rendered":"<p>\u2026Und pl\u00f6tzlich stand er HSV-Dino auf dem Schulhof: Sein Name Herrmann \ud83d\ude0a! Und was hatte er Tolles mitgebracht? Einen \u201eEinschulungsrucksack\u201c f\u00fcr jede Sch\u00fclerin und jeden Sch\u00fcler der ersten Klasse! Prall gef\u00fcllt mit Dingen, die so es in der ersten Klasse gebraucht werden. Toll, so ganz verstehen konnte es zun\u00e4chst niemand und alle waren etwas sch\u00fcchtern. Aber dann brach\u2018 die \u00a0Freude \u00fcber die Geschenke aus. Es kann jetzt also gut geschrieben, gemalt und \u00a0geklebt werden.\u00a0 Unser Riesen-Dank gilt der HSV-Stiftung, die dieses m\u00f6glich gemacht hat und die Kinder mit Dino Herrmann \u00fcberrascht hat. Und auch viele erwachsene HSV-Fans in der Schule haben sich m\u00e4chtig gefreut\u2026..<\/p>\n<p><img loading=\"lazy\" decoding=\"async\" class=\"alignnone size-full wp-image-3769\" src=\"https:\/\/gtselbe.hamburg.de\/wp-content\/uploads\/sites\/13\/2025\/09\/HSV1.jpg\" alt=\"\" width=\"480\" height=\"640\" srcset=\"https:\/\/gtselbe.hamburg.de\/wp-content\/uploads\/sites\/13\/2025\/09\/HSV1.jpg 480w, https:\/\/gtselbe.hamburg.de\/wp-content\/uploads\/sites\/13\/2025\/09\/HSV1-225x300.jpg 225w\" sizes=\"auto, (max-width: 480px) 100vw, 480px\" \/> <img loading=\"lazy\" decoding=\"async\" class=\"alignnone size-large wp-image-3770\" src=\"https:\/\/gtselbe.hamburg.de\/wp-content\/uploads\/sites\/13\/2025\/09\/HSV2.jpg\" alt=\"\" width=\"480\" height=\"640\" srcset=\"https:\/\/gtselbe.hamburg.de\/wp-content\/uploads\/sites\/13\/2025\/09\/HSV2.jpg 480w, https:\/\/gtselbe.hamburg.de\/wp-content\/uploads\/sites\/13\/2025\/09\/HSV2-225x300.jpg 225w\" sizes=\"auto, (max-width: 480px) 100vw, 480px\" \/> <img loading=\"lazy\" decoding=\"async\" class=\"alignnone size-large wp-image-3771\" src=\"https:\/\/gtselbe.hamburg.de\/wp-content\/uploads\/sites\/13\/2025\/09\/HSV3.jpg\" alt=\"\" width=\"525\" height=\"394\" srcset=\"https:\/\/gtselbe.hamburg.de\/wp-content\/uploads\/sites\/13\/2025\/09\/HSV3.jpg 640w, https:\/\/gtselbe.hamburg.de\/wp-content\/uploads\/sites\/13\/2025\/09\/HSV3-300x225.jpg 300w\" sizes=\"auto, (max-width: 525px) 100vw, 525px\" \/> <img loading=\"lazy\" decoding=\"async\" class=\"alignnone size-large wp-image-3772\" src=\"https:\/\/gtselbe.hamburg.de\/wp-content\/uploads\/sites\/13\/2025\/09\/HSV4.jpg\" alt=\"\" width=\"480\" height=\"640\" srcset=\"https:\/\/gtselbe.hamburg.de\/wp-content\/uploads\/sites\/13\/2025\/09\/HSV4.jpg 480w, https:\/\/gtselbe.hamburg.de\/wp-content\/uploads\/sites\/13\/2025\/09\/HSV4-225x300.jpg 225w\" sizes=\"auto, (max-width: 480px) 100vw, 480px\" \/><\/p>\n","protected":false},"excerpt":{"rendered":"<p>\u2026Und pl\u00f6tzlich stand er HSV-Dino auf dem Schulhof: Sein Name Herrmann \ud83d\ude0a! Und was hatte er Tolles mitgebracht? Einen \u201eEinschulungsrucksack\u201c f\u00fcr jede Sch\u00fclerin und jeden Sch\u00fcler der ersten Klasse! Prall gef\u00fcllt mit Dingen, die so es in der ersten Klasse gebraucht werden. Toll, so ganz verstehen konnte es zun\u00e4chst niemand und alle waren etwas sch\u00fcchtern. &hellip; <\/p>\n<p class=\"link-more\"><a href=\"https:\/\/gtselbe.hamburg.de\/?page_id=3768\" class=\"more-link\"><span class=\"screen-reader-text\">\u201e18.09.25: [Klasse 1] Besuch von Dino Herrmann\u201c <\/span>weiterlesen<\/a><\/p>\n","protected":false},"author":1587,"featured_media":0,"parent":0,"menu_order":0,"comment_status":"closed","ping_status":"closed","template":"","meta":{"_acf_changed":false,"footnotes":""},"class_list":["post-3768","page","type-page","status-publish","hentry"],"acf":[],"_links":{"self":[{"href":"https:\/\/gtselbe.hamburg.de\/index.php?rest_route=\/wp\/v2\/pages\/3768","targetHints":{"allow":["GET"]}}],"collection":[{"href":"https:\/\/gtselbe.hamburg.de\/index.php?rest_route=\/wp\/v2\/pages"}],"about":[{"href":"https:\/\/gtselbe.hamburg.de\/index.php?rest_route=\/wp\/v2\/types\/page"}],"author":[{"embeddable":true,"href":"https:\/\/gtselbe.hamburg.de\/index.php?rest_route=\/wp\/v2\/users\/1587"}],"replies":[{"embeddable":true,"href":"https:\/\/gtselbe.hamburg.de\/index.php?rest_route=%2Fwp%2Fv2%2Fcomments&post=3768"}],"version-history":[{"count":2,"href":"https:\/\/gtselbe.hamburg.de\/index.php?rest_route=\/wp\/v2\/pages\/3768\/revisions"}],"predecessor-version":[{"id":3820,"href":"https:\/\/gtselbe.hamburg.de\/index.php?rest_route=\/wp\/v2\/pages\/3768\/revisions\/3820"}],"wp:attachment":[{"href":"https:\/\/gtselbe.hamburg.de\/index.php?rest_route=%2Fwp%2Fv2%2Fmedia&parent=3768"}],"curies":[{"name":"wp","href":"https:\/\/api.w.org\/{rel}","templated":true}]}}