{"id":3805,"date":"2025-09-25T13:46:12","date_gmt":"2025-09-25T11:46:12","guid":{"rendered":"https:\/\/gtselbe.hamburg.de\/?page_id=3805"},"modified":"2025-09-25T13:53:06","modified_gmt":"2025-09-25T11:53:06","slug":"19-09-2025-the-schulmentorinnen","status":"publish","type":"page","link":"https:\/\/gtselbe.hamburg.de\/?page_id=3805","title":{"rendered":"19.09.25: The SchulmentorInnen"},"content":{"rendered":"<p style=\"margin: 0cm\">We proudly present: The SchulmentorInnen<\/p>\n<p style=\"margin: 0cm\">Die SchulmentorInnen aus Jahrgang 4 haben ihre Ausbildung abgeschlossen und sind ab sofort ansprechbar f\u00fcr die Vorsch\u00fclerInnen und Erstkl\u00e4sslerInnen. Nach den Herbstferien betreuen sie zus\u00e4tzlich die Spielsachen aus dem Container. Sichtbar sind sie durch ein Kappi und die dazugeh\u00f6rende Weste.<\/p>\n<p style=\"margin: 0cm\">Wir freuen uns, dass ihr diese Arbeit aufgenommen habt und w\u00fcnschen euch viel Erfolg!<\/p>\n<p style=\"margin: 0cm\"><img loading=\"lazy\" decoding=\"async\" class=\"alignnone size-large wp-image-3806\" src=\"https:\/\/gtselbe.hamburg.de\/wp-content\/uploads\/sites\/13\/2025\/09\/20250919_091147-1024x768.jpg\" alt=\"\" width=\"525\" height=\"394\" srcset=\"https:\/\/gtselbe.hamburg.de\/wp-content\/uploads\/sites\/13\/2025\/09\/20250919_091147-1024x768.jpg 1024w, https:\/\/gtselbe.hamburg.de\/wp-content\/uploads\/sites\/13\/2025\/09\/20250919_091147-300x225.jpg 300w, https:\/\/gtselbe.hamburg.de\/wp-content\/uploads\/sites\/13\/2025\/09\/20250919_091147-768x576.jpg 768w, https:\/\/gtselbe.hamburg.de\/wp-content\/uploads\/sites\/13\/2025\/09\/20250919_091147-1536x1152.jpg 1536w, https:\/\/gtselbe.hamburg.de\/wp-content\/uploads\/sites\/13\/2025\/09\/20250919_091147.jpg 2048w\" sizes=\"auto, (max-width: 525px) 100vw, 525px\" \/><\/p>\n","protected":false},"excerpt":{"rendered":"<p>We proudly present: The SchulmentorInnen Die SchulmentorInnen aus Jahrgang 4 haben ihre Ausbildung abgeschlossen und sind ab sofort ansprechbar f\u00fcr die Vorsch\u00fclerInnen und Erstkl\u00e4sslerInnen. Nach den Herbstferien betreuen sie zus\u00e4tzlich die Spielsachen aus dem Container. Sichtbar sind sie durch ein Kappi und die dazugeh\u00f6rende Weste. Wir freuen uns, dass ihr diese Arbeit aufgenommen habt und &hellip; <\/p>\n<p class=\"link-more\"><a href=\"https:\/\/gtselbe.hamburg.de\/?page_id=3805\" class=\"more-link\"><span class=\"screen-reader-text\">\u201e19.09.25: The SchulmentorInnen\u201c <\/span>weiterlesen<\/a><\/p>\n","protected":false},"author":1587,"featured_media":0,"parent":0,"menu_order":0,"comment_status":"closed","ping_status":"closed","template":"","meta":{"_acf_changed":false,"footnotes":""},"class_list":["post-3805","page","type-page","status-publish","hentry"],"acf":[],"_links":{"self":[{"href":"https:\/\/gtselbe.hamburg.de\/index.php?rest_route=\/wp\/v2\/pages\/3805","targetHints":{"allow":["GET"]}}],"collection":[{"href":"https:\/\/gtselbe.hamburg.de\/index.php?rest_route=\/wp\/v2\/pages"}],"about":[{"href":"https:\/\/gtselbe.hamburg.de\/index.php?rest_route=\/wp\/v2\/types\/page"}],"author":[{"embeddable":true,"href":"https:\/\/gtselbe.hamburg.de\/index.php?rest_route=\/wp\/v2\/users\/1587"}],"replies":[{"embeddable":true,"href":"https:\/\/gtselbe.hamburg.de\/index.php?rest_route=%2Fwp%2Fv2%2Fcomments&post=3805"}],"version-history":[{"count":3,"href":"https:\/\/gtselbe.hamburg.de\/index.php?rest_route=\/wp\/v2\/pages\/3805\/revisions"}],"predecessor-version":[{"id":3818,"href":"https:\/\/gtselbe.hamburg.de\/index.php?rest_route=\/wp\/v2\/pages\/3805\/revisions\/3818"}],"wp:attachment":[{"href":"https:\/\/gtselbe.hamburg.de\/index.php?rest_route=%2Fwp%2Fv2%2Fmedia&parent=3805"}],"curies":[{"name":"wp","href":"https:\/\/api.w.org\/{rel}","templated":true}]}}