{"id":3837,"date":"2025-10-10T08:59:52","date_gmt":"2025-10-10T06:59:52","guid":{"rendered":"https:\/\/gtselbe.hamburg.de\/?page_id=3837"},"modified":"2025-10-10T09:02:06","modified_gmt":"2025-10-10T07:02:06","slug":"30-09-25alle-singbus","status":"publish","type":"page","link":"https:\/\/gtselbe.hamburg.de\/?page_id=3837","title":{"rendered":"30.09.25: [Alle] SingBus"},"content":{"rendered":"<p>Am 30. September machte der SingBus der Deutschen Chorjugend Halt an unserer Schule. Die Sch\u00fclerinnen und Sch\u00fcler nahmen zun\u00e4chst an einem abwechslungsreichen Sing-Workshop mit einer Musikp\u00e4dagogin teil, bei dem sie spielerisch ihre Stimme entdecken und gemeinsam musizieren konnten. Danach hatten die Klassen die Gelegenheit, die interaktive Sing- und Klingausstellung zu erkunden. An verschiedenen Stationen konnten die Sch\u00fclerInnen aktiv werden und Kl\u00e4nge auf vielf\u00e4ltige Weise entdecken. Ein erlebnisreicher Tag, der allen viel Freude bereitet hat.<\/p>\n<p><img loading=\"lazy\" decoding=\"async\" class=\"alignnone size-large wp-image-3838\" src=\"https:\/\/gtselbe.hamburg.de\/wp-content\/uploads\/sites\/13\/2025\/10\/Mimage001-1024x768.jpg\" alt=\"\" width=\"525\" height=\"394\" srcset=\"https:\/\/gtselbe.hamburg.de\/wp-content\/uploads\/sites\/13\/2025\/10\/Mimage001-1024x768.jpg 1024w, https:\/\/gtselbe.hamburg.de\/wp-content\/uploads\/sites\/13\/2025\/10\/Mimage001-300x225.jpg 300w, https:\/\/gtselbe.hamburg.de\/wp-content\/uploads\/sites\/13\/2025\/10\/Mimage001-768x576.jpg 768w, https:\/\/gtselbe.hamburg.de\/wp-content\/uploads\/sites\/13\/2025\/10\/Mimage001-1536x1152.jpg 1536w, https:\/\/gtselbe.hamburg.de\/wp-content\/uploads\/sites\/13\/2025\/10\/Mimage001.jpg 1600w\" sizes=\"auto, (max-width: 525px) 100vw, 525px\" \/> <img loading=\"lazy\" decoding=\"async\" class=\"alignnone size-large wp-image-3839\" src=\"https:\/\/gtselbe.hamburg.de\/wp-content\/uploads\/sites\/13\/2025\/10\/Mimage002-1024x768.jpg\" alt=\"\" width=\"525\" height=\"394\" srcset=\"https:\/\/gtselbe.hamburg.de\/wp-content\/uploads\/sites\/13\/2025\/10\/Mimage002-1024x768.jpg 1024w, https:\/\/gtselbe.hamburg.de\/wp-content\/uploads\/sites\/13\/2025\/10\/Mimage002-300x225.jpg 300w, https:\/\/gtselbe.hamburg.de\/wp-content\/uploads\/sites\/13\/2025\/10\/Mimage002-768x576.jpg 768w, https:\/\/gtselbe.hamburg.de\/wp-content\/uploads\/sites\/13\/2025\/10\/Mimage002-1536x1152.jpg 1536w, https:\/\/gtselbe.hamburg.de\/wp-content\/uploads\/sites\/13\/2025\/10\/Mimage002.jpg 1600w\" sizes=\"auto, (max-width: 525px) 100vw, 525px\" \/> <img loading=\"lazy\" decoding=\"async\" class=\"alignnone size-large wp-image-3840\" src=\"https:\/\/gtselbe.hamburg.de\/wp-content\/uploads\/sites\/13\/2025\/10\/Mimage003-768x1024.jpg\" alt=\"\" width=\"525\" height=\"700\" srcset=\"https:\/\/gtselbe.hamburg.de\/wp-content\/uploads\/sites\/13\/2025\/10\/Mimage003-768x1024.jpg 768w, https:\/\/gtselbe.hamburg.de\/wp-content\/uploads\/sites\/13\/2025\/10\/Mimage003-225x300.jpg 225w, https:\/\/gtselbe.hamburg.de\/wp-content\/uploads\/sites\/13\/2025\/10\/Mimage003-1152x1536.jpg 1152w, https:\/\/gtselbe.hamburg.de\/wp-content\/uploads\/sites\/13\/2025\/10\/Mimage003.jpg 1200w\" sizes=\"auto, (max-width: 525px) 100vw, 525px\" \/> <img loading=\"lazy\" decoding=\"async\" class=\"alignnone size-large wp-image-3841\" src=\"https:\/\/gtselbe.hamburg.de\/wp-content\/uploads\/sites\/13\/2025\/10\/Mimage004-1024x768.jpg\" alt=\"\" width=\"525\" height=\"394\" srcset=\"https:\/\/gtselbe.hamburg.de\/wp-content\/uploads\/sites\/13\/2025\/10\/Mimage004-1024x768.jpg 1024w, https:\/\/gtselbe.hamburg.de\/wp-content\/uploads\/sites\/13\/2025\/10\/Mimage004-300x225.jpg 300w, https:\/\/gtselbe.hamburg.de\/wp-content\/uploads\/sites\/13\/2025\/10\/Mimage004-768x576.jpg 768w, https:\/\/gtselbe.hamburg.de\/wp-content\/uploads\/sites\/13\/2025\/10\/Mimage004-1536x1152.jpg 1536w, https:\/\/gtselbe.hamburg.de\/wp-content\/uploads\/sites\/13\/2025\/10\/Mimage004.jpg 1600w\" sizes=\"auto, (max-width: 525px) 100vw, 525px\" \/><\/p>\n","protected":false},"excerpt":{"rendered":"<p>Am 30. September machte der SingBus der Deutschen Chorjugend Halt an unserer Schule. Die Sch\u00fclerinnen und Sch\u00fcler nahmen zun\u00e4chst an einem abwechslungsreichen Sing-Workshop mit einer Musikp\u00e4dagogin teil, bei dem sie spielerisch ihre Stimme entdecken und gemeinsam musizieren konnten. Danach hatten die Klassen die Gelegenheit, die interaktive Sing- und Klingausstellung zu erkunden. An verschiedenen Stationen konnten &hellip; <\/p>\n<p class=\"link-more\"><a href=\"https:\/\/gtselbe.hamburg.de\/?page_id=3837\" class=\"more-link\"><span class=\"screen-reader-text\">\u201e30.09.25: [Alle] SingBus\u201c <\/span>weiterlesen<\/a><\/p>\n","protected":false},"author":1587,"featured_media":0,"parent":0,"menu_order":0,"comment_status":"closed","ping_status":"closed","template":"","meta":{"_acf_changed":false,"footnotes":""},"class_list":["post-3837","page","type-page","status-publish","hentry"],"acf":[],"_links":{"self":[{"href":"https:\/\/gtselbe.hamburg.de\/index.php?rest_route=\/wp\/v2\/pages\/3837","targetHints":{"allow":["GET"]}}],"collection":[{"href":"https:\/\/gtselbe.hamburg.de\/index.php?rest_route=\/wp\/v2\/pages"}],"about":[{"href":"https:\/\/gtselbe.hamburg.de\/index.php?rest_route=\/wp\/v2\/types\/page"}],"author":[{"embeddable":true,"href":"https:\/\/gtselbe.hamburg.de\/index.php?rest_route=\/wp\/v2\/users\/1587"}],"replies":[{"embeddable":true,"href":"https:\/\/gtselbe.hamburg.de\/index.php?rest_route=%2Fwp%2Fv2%2Fcomments&post=3837"}],"version-history":[{"count":2,"href":"https:\/\/gtselbe.hamburg.de\/index.php?rest_route=\/wp\/v2\/pages\/3837\/revisions"}],"predecessor-version":[{"id":3845,"href":"https:\/\/gtselbe.hamburg.de\/index.php?rest_route=\/wp\/v2\/pages\/3837\/revisions\/3845"}],"wp:attachment":[{"href":"https:\/\/gtselbe.hamburg.de\/index.php?rest_route=%2Fwp%2Fv2%2Fmedia&parent=3837"}],"curies":[{"name":"wp","href":"https:\/\/api.w.org\/{rel}","templated":true}]}}