{"id":3880,"date":"2025-11-27T12:34:05","date_gmt":"2025-11-27T11:34:05","guid":{"rendered":"https:\/\/gtselbe.hamburg.de\/?page_id=3880"},"modified":"2025-11-27T12:36:47","modified_gmt":"2025-11-27T11:36:47","slug":"erasmus-sept-25-hospitation-in-valencia","status":"publish","type":"page","link":"https:\/\/gtselbe.hamburg.de\/?page_id=3880","title":{"rendered":"Erasmus+: Sept. 2025 &#8211; Hospitation in Valencia"},"content":{"rendered":"<p>Ende September begaben wir (Frau Sanders und Herr L\u00fcdemann) uns zu 2. Richtung Valencia in Spanien, um dem Colegio San Jos\u00e9 de Calasanz einen Besuch abzustatten. Den Kontakt konnten wir auf einer vorherigen Fortbildung im Rahmen des ERASMUS-Programm herstellen. Nachdem wir mir den Flugzeug am Wochenende zuvor angereist waren, wurden wir sehr herzlich von unseren spanischen Freundinnen und Freunden empfangen und hospitierten f\u00fcr eine Schulwoche in unterschiedlichen Klassenstufen und F\u00e4chern. Dabei konnten wir interessante Beobachtungen sowohl im Unterricht als auch w\u00e4hrend des gesamten Schulalltages machen. F\u00fcr die Kinder war der \u201efremde\u201c Besuch aus Hamburg sicherlich auch aufregend und spannend und so versuchten wir mit einer Mischung aus Englisch, Spanisch und ein paar W\u00f6rtern Deutsch mit den Kindern ins Gespr\u00e4ch zu kommen. Neben der Erfahrungen, die wir in der Schule sammeln konnten, blieb am sp\u00e4ten Nachmittag und Abend auch noch etwas Zeit, um Valencia und die spanische Kultur etwas besser kennenzulernen. Und so verging eine Woche wie im Handumdrehen ehe wir uns wieder nach Deutschland zur\u00fcckbegeben mussten. Unser Aufenthalt am Colegio San Jos\u00e9 de Calasanz wird uns sicherlich in guter Erinnerung bleiben. Wir sind dankbar f\u00fcr die wertvollen Erfahrungen und haben uns sehr \u00fcber die Gastfreundschaft unserer spanischen Freundinnen und Freunden gefreut. Die herzliche und offene Art des Kollegiums und der Kinder hat uns sehr begeistert und wir freuen uns schon jetzt auf ein baldiges Wiedersehen.<\/p>\n<p><img loading=\"lazy\" decoding=\"async\" class=\"alignnone size-large wp-image-3881\" src=\"https:\/\/gtselbe.hamburg.de\/wp-content\/uploads\/sites\/13\/2025\/11\/4b4f6feb-741a-4f81-868f-d0f77751b0d0-768x1024.jpeg\" alt=\"\" width=\"525\" height=\"700\" srcset=\"https:\/\/gtselbe.hamburg.de\/wp-content\/uploads\/sites\/13\/2025\/11\/4b4f6feb-741a-4f81-868f-d0f77751b0d0-768x1024.jpeg 768w, https:\/\/gtselbe.hamburg.de\/wp-content\/uploads\/sites\/13\/2025\/11\/4b4f6feb-741a-4f81-868f-d0f77751b0d0-225x300.jpeg 225w, https:\/\/gtselbe.hamburg.de\/wp-content\/uploads\/sites\/13\/2025\/11\/4b4f6feb-741a-4f81-868f-d0f77751b0d0-1152x1536.jpeg 1152w, https:\/\/gtselbe.hamburg.de\/wp-content\/uploads\/sites\/13\/2025\/11\/4b4f6feb-741a-4f81-868f-d0f77751b0d0.jpeg 1200w\" sizes=\"auto, (max-width: 525px) 100vw, 525px\" \/> <img loading=\"lazy\" decoding=\"async\" class=\"alignnone size-large wp-image-3882\" src=\"https:\/\/gtselbe.hamburg.de\/wp-content\/uploads\/sites\/13\/2025\/11\/67f691a3-5095-4c7f-bbe9-2e7f9ad0249e-768x1024.jpeg\" alt=\"\" width=\"525\" height=\"700\" srcset=\"https:\/\/gtselbe.hamburg.de\/wp-content\/uploads\/sites\/13\/2025\/11\/67f691a3-5095-4c7f-bbe9-2e7f9ad0249e-768x1024.jpeg 768w, https:\/\/gtselbe.hamburg.de\/wp-content\/uploads\/sites\/13\/2025\/11\/67f691a3-5095-4c7f-bbe9-2e7f9ad0249e-225x300.jpeg 225w, https:\/\/gtselbe.hamburg.de\/wp-content\/uploads\/sites\/13\/2025\/11\/67f691a3-5095-4c7f-bbe9-2e7f9ad0249e-1152x1536.jpeg 1152w, https:\/\/gtselbe.hamburg.de\/wp-content\/uploads\/sites\/13\/2025\/11\/67f691a3-5095-4c7f-bbe9-2e7f9ad0249e.jpeg 1536w\" sizes=\"auto, (max-width: 525px) 100vw, 525px\" \/><\/p>\n","protected":false},"excerpt":{"rendered":"<p>Ende September begaben wir (Frau Sanders und Herr L\u00fcdemann) uns zu 2. Richtung Valencia in Spanien, um dem Colegio San Jos\u00e9 de Calasanz einen Besuch abzustatten. Den Kontakt konnten wir auf einer vorherigen Fortbildung im Rahmen des ERASMUS-Programm herstellen. Nachdem wir mir den Flugzeug am Wochenende zuvor angereist waren, wurden wir sehr herzlich von unseren &hellip; <\/p>\n<p class=\"link-more\"><a href=\"https:\/\/gtselbe.hamburg.de\/?page_id=3880\" class=\"more-link\"><span class=\"screen-reader-text\">\u201eErasmus+: Sept. 2025 &#8211; Hospitation in Valencia\u201c <\/span>weiterlesen<\/a><\/p>\n","protected":false},"author":1587,"featured_media":0,"parent":0,"menu_order":0,"comment_status":"closed","ping_status":"closed","template":"","meta":{"_acf_changed":false,"footnotes":""},"class_list":["post-3880","page","type-page","status-publish","hentry"],"acf":[],"_links":{"self":[{"href":"https:\/\/gtselbe.hamburg.de\/index.php?rest_route=\/wp\/v2\/pages\/3880","targetHints":{"allow":["GET"]}}],"collection":[{"href":"https:\/\/gtselbe.hamburg.de\/index.php?rest_route=\/wp\/v2\/pages"}],"about":[{"href":"https:\/\/gtselbe.hamburg.de\/index.php?rest_route=\/wp\/v2\/types\/page"}],"author":[{"embeddable":true,"href":"https:\/\/gtselbe.hamburg.de\/index.php?rest_route=\/wp\/v2\/users\/1587"}],"replies":[{"embeddable":true,"href":"https:\/\/gtselbe.hamburg.de\/index.php?rest_route=%2Fwp%2Fv2%2Fcomments&post=3880"}],"version-history":[{"count":3,"href":"https:\/\/gtselbe.hamburg.de\/index.php?rest_route=\/wp\/v2\/pages\/3880\/revisions"}],"predecessor-version":[{"id":3886,"href":"https:\/\/gtselbe.hamburg.de\/index.php?rest_route=\/wp\/v2\/pages\/3880\/revisions\/3886"}],"wp:attachment":[{"href":"https:\/\/gtselbe.hamburg.de\/index.php?rest_route=%2Fwp%2Fv2%2Fmedia&parent=3880"}],"curies":[{"name":"wp","href":"https:\/\/api.w.org\/{rel}","templated":true}]}}