{"id":3887,"date":"2025-11-27T13:54:02","date_gmt":"2025-11-27T12:54:02","guid":{"rendered":"https:\/\/gtselbe.hamburg.de\/?page_id=3887"},"modified":"2025-11-27T13:54:02","modified_gmt":"2025-11-27T12:54:02","slug":"21-11-25-klasse-3a-kinderbuchhaus","status":"publish","type":"page","link":"https:\/\/gtselbe.hamburg.de\/?page_id=3887","title":{"rendered":"21.11.25: [Klasse 3a] Kinderbuchhaus"},"content":{"rendered":"<p>Am Freitag durften wir im\u00a0Kinderbuchhaus im Altonaer Museum\u00a0an einer besonderen Lesung teilnehmen. Vorgelesen wurden uns die B\u00fccher\u00a0\u201eDie f\u00fcrchterlichen F\u00fcnf\u201c\u00a0von Wolf Erlbruch und\u00a0\u201eSteinsuppe\u201c\u00a0von Ana\u00efs Vaugelade. Wir hatten gro\u00dfen Spa\u00df und haben viel gelernt \u2013 vor allem, dass\u00a0Wert nichts mit dem Aussehen zu tun hat, sondern mit dem, was man kann und wer man ist, und wie wichtig\u00a0Freundschaft und Gemeinschaft\u00a0sind. Zum Abschluss bekamen wir sogar eine\u00a0B\u00fccherkiste geschenkt, die wir nun voller Vorfreude entdecken werden.<\/p>\n<p>Nach dem gemeinsamen Mittagessen ging es weiter in die\u00a0Wunderkammer des Altonaer Museums. Dort konnten wir spannende Dinge erkunden: optische T\u00e4uschungen, Spiegelbilder, lustige Spiegel und vieles mehr. In der oberen Etage sammelten wir au\u00dferdem besondere Gegenst\u00e4nde wie\u00a0Muscheln, alte W\u00e4hlscheibentelefone, Kameras, verschiedene Tiere und historische Schreibmaschinen. Mit unseren Fundst\u00fccken wollen wir nun eine\u00a0eigene Geschichte\u00a0erfinden \u2013 wir sind schon sehr gespannt darauf!<\/p>\n<p>Auf dem Hin- und R\u00fcckweg nutzten wir das tolle Wetter, um flei\u00dfig\u00a0Schritte auf unserer Step-Uhr\u00a0zu sammeln.<\/p>\n<p>Ein erlebnisreicher Tag, der uns noch lange in Erinnerung bleiben wird!<\/p>\n<p><img loading=\"lazy\" decoding=\"async\" class=\"alignnone size-large wp-image-3889\" src=\"https:\/\/gtselbe.hamburg.de\/wp-content\/uploads\/sites\/13\/2025\/11\/Ausflug-21.11.253-768x1024.jpg\" alt=\"\" width=\"525\" height=\"700\" srcset=\"https:\/\/gtselbe.hamburg.de\/wp-content\/uploads\/sites\/13\/2025\/11\/Ausflug-21.11.253-768x1024.jpg 768w, https:\/\/gtselbe.hamburg.de\/wp-content\/uploads\/sites\/13\/2025\/11\/Ausflug-21.11.253-225x300.jpg 225w, https:\/\/gtselbe.hamburg.de\/wp-content\/uploads\/sites\/13\/2025\/11\/Ausflug-21.11.253-1152x1536.jpg 1152w, https:\/\/gtselbe.hamburg.de\/wp-content\/uploads\/sites\/13\/2025\/11\/Ausflug-21.11.253.jpg 1536w\" sizes=\"auto, (max-width: 525px) 100vw, 525px\" \/> <img loading=\"lazy\" decoding=\"async\" class=\"alignnone size-large wp-image-3890\" src=\"https:\/\/gtselbe.hamburg.de\/wp-content\/uploads\/sites\/13\/2025\/11\/Ausflug-21.11.254-768x1024.jpg\" alt=\"\" width=\"525\" height=\"700\" srcset=\"https:\/\/gtselbe.hamburg.de\/wp-content\/uploads\/sites\/13\/2025\/11\/Ausflug-21.11.254-768x1024.jpg 768w, https:\/\/gtselbe.hamburg.de\/wp-content\/uploads\/sites\/13\/2025\/11\/Ausflug-21.11.254-225x300.jpg 225w, https:\/\/gtselbe.hamburg.de\/wp-content\/uploads\/sites\/13\/2025\/11\/Ausflug-21.11.254-1152x1536.jpg 1152w, https:\/\/gtselbe.hamburg.de\/wp-content\/uploads\/sites\/13\/2025\/11\/Ausflug-21.11.254.jpg 1536w\" sizes=\"auto, (max-width: 525px) 100vw, 525px\" \/> <img loading=\"lazy\" decoding=\"async\" class=\"alignnone size-large wp-image-3891\" src=\"https:\/\/gtselbe.hamburg.de\/wp-content\/uploads\/sites\/13\/2025\/11\/Ausflug-21.11.255-768x1024.jpg\" alt=\"\" width=\"525\" height=\"700\" srcset=\"https:\/\/gtselbe.hamburg.de\/wp-content\/uploads\/sites\/13\/2025\/11\/Ausflug-21.11.255-768x1024.jpg 768w, https:\/\/gtselbe.hamburg.de\/wp-content\/uploads\/sites\/13\/2025\/11\/Ausflug-21.11.255-225x300.jpg 225w, https:\/\/gtselbe.hamburg.de\/wp-content\/uploads\/sites\/13\/2025\/11\/Ausflug-21.11.255-1152x1536.jpg 1152w, https:\/\/gtselbe.hamburg.de\/wp-content\/uploads\/sites\/13\/2025\/11\/Ausflug-21.11.255.jpg 1536w\" sizes=\"auto, (max-width: 525px) 100vw, 525px\" \/> <img loading=\"lazy\" decoding=\"async\" class=\"alignnone size-large wp-image-3892\" src=\"https:\/\/gtselbe.hamburg.de\/wp-content\/uploads\/sites\/13\/2025\/11\/Ausflug-21.11.256-768x1024.jpg\" alt=\"\" width=\"525\" height=\"700\" srcset=\"https:\/\/gtselbe.hamburg.de\/wp-content\/uploads\/sites\/13\/2025\/11\/Ausflug-21.11.256-768x1024.jpg 768w, https:\/\/gtselbe.hamburg.de\/wp-content\/uploads\/sites\/13\/2025\/11\/Ausflug-21.11.256-225x300.jpg 225w, https:\/\/gtselbe.hamburg.de\/wp-content\/uploads\/sites\/13\/2025\/11\/Ausflug-21.11.256-1152x1536.jpg 1152w, https:\/\/gtselbe.hamburg.de\/wp-content\/uploads\/sites\/13\/2025\/11\/Ausflug-21.11.256.jpg 1536w\" sizes=\"auto, (max-width: 525px) 100vw, 525px\" \/> <img loading=\"lazy\" decoding=\"async\" class=\"alignnone size-large wp-image-3893\" src=\"https:\/\/gtselbe.hamburg.de\/wp-content\/uploads\/sites\/13\/2025\/11\/Ausflug-21.11.250-768x1024.jpg\" alt=\"\" width=\"525\" height=\"700\" srcset=\"https:\/\/gtselbe.hamburg.de\/wp-content\/uploads\/sites\/13\/2025\/11\/Ausflug-21.11.250-768x1024.jpg 768w, https:\/\/gtselbe.hamburg.de\/wp-content\/uploads\/sites\/13\/2025\/11\/Ausflug-21.11.250-225x300.jpg 225w, https:\/\/gtselbe.hamburg.de\/wp-content\/uploads\/sites\/13\/2025\/11\/Ausflug-21.11.250-1152x1536.jpg 1152w, https:\/\/gtselbe.hamburg.de\/wp-content\/uploads\/sites\/13\/2025\/11\/Ausflug-21.11.250.jpg 1536w\" sizes=\"auto, (max-width: 525px) 100vw, 525px\" \/> <img loading=\"lazy\" decoding=\"async\" class=\"alignnone size-large wp-image-3894\" src=\"https:\/\/gtselbe.hamburg.de\/wp-content\/uploads\/sites\/13\/2025\/11\/Ausflug-21.11.251-768x1024.jpg\" alt=\"\" width=\"525\" height=\"700\" srcset=\"https:\/\/gtselbe.hamburg.de\/wp-content\/uploads\/sites\/13\/2025\/11\/Ausflug-21.11.251-768x1024.jpg 768w, https:\/\/gtselbe.hamburg.de\/wp-content\/uploads\/sites\/13\/2025\/11\/Ausflug-21.11.251-225x300.jpg 225w, https:\/\/gtselbe.hamburg.de\/wp-content\/uploads\/sites\/13\/2025\/11\/Ausflug-21.11.251-1152x1536.jpg 1152w, https:\/\/gtselbe.hamburg.de\/wp-content\/uploads\/sites\/13\/2025\/11\/Ausflug-21.11.251.jpg 1536w\" sizes=\"auto, (max-width: 525px) 100vw, 525px\" \/> <img loading=\"lazy\" decoding=\"async\" class=\"alignnone size-large wp-image-3895\" src=\"https:\/\/gtselbe.hamburg.de\/wp-content\/uploads\/sites\/13\/2025\/11\/Ausflug-21.11.252-768x1024.jpg\" alt=\"\" width=\"525\" height=\"700\" srcset=\"https:\/\/gtselbe.hamburg.de\/wp-content\/uploads\/sites\/13\/2025\/11\/Ausflug-21.11.252-768x1024.jpg 768w, https:\/\/gtselbe.hamburg.de\/wp-content\/uploads\/sites\/13\/2025\/11\/Ausflug-21.11.252-225x300.jpg 225w, https:\/\/gtselbe.hamburg.de\/wp-content\/uploads\/sites\/13\/2025\/11\/Ausflug-21.11.252-1152x1536.jpg 1152w, https:\/\/gtselbe.hamburg.de\/wp-content\/uploads\/sites\/13\/2025\/11\/Ausflug-21.11.252.jpg 1536w\" sizes=\"auto, (max-width: 525px) 100vw, 525px\" \/><\/p>\n","protected":false},"excerpt":{"rendered":"<p>Am Freitag durften wir im\u00a0Kinderbuchhaus im Altonaer Museum\u00a0an einer besonderen Lesung teilnehmen. Vorgelesen wurden uns die B\u00fccher\u00a0\u201eDie f\u00fcrchterlichen F\u00fcnf\u201c\u00a0von Wolf Erlbruch und\u00a0\u201eSteinsuppe\u201c\u00a0von Ana\u00efs Vaugelade. Wir hatten gro\u00dfen Spa\u00df und haben viel gelernt \u2013 vor allem, dass\u00a0Wert nichts mit dem Aussehen zu tun hat, sondern mit dem, was man kann und wer man ist, und wie &hellip; <\/p>\n<p class=\"link-more\"><a href=\"https:\/\/gtselbe.hamburg.de\/?page_id=3887\" class=\"more-link\"><span class=\"screen-reader-text\">\u201e21.11.25: [Klasse 3a] Kinderbuchhaus\u201c <\/span>weiterlesen<\/a><\/p>\n","protected":false},"author":1587,"featured_media":0,"parent":0,"menu_order":0,"comment_status":"closed","ping_status":"closed","template":"","meta":{"_acf_changed":false,"footnotes":""},"class_list":["post-3887","page","type-page","status-publish","hentry"],"acf":[],"_links":{"self":[{"href":"https:\/\/gtselbe.hamburg.de\/index.php?rest_route=\/wp\/v2\/pages\/3887","targetHints":{"allow":["GET"]}}],"collection":[{"href":"https:\/\/gtselbe.hamburg.de\/index.php?rest_route=\/wp\/v2\/pages"}],"about":[{"href":"https:\/\/gtselbe.hamburg.de\/index.php?rest_route=\/wp\/v2\/types\/page"}],"author":[{"embeddable":true,"href":"https:\/\/gtselbe.hamburg.de\/index.php?rest_route=\/wp\/v2\/users\/1587"}],"replies":[{"embeddable":true,"href":"https:\/\/gtselbe.hamburg.de\/index.php?rest_route=%2Fwp%2Fv2%2Fcomments&post=3887"}],"version-history":[{"count":1,"href":"https:\/\/gtselbe.hamburg.de\/index.php?rest_route=\/wp\/v2\/pages\/3887\/revisions"}],"predecessor-version":[{"id":3896,"href":"https:\/\/gtselbe.hamburg.de\/index.php?rest_route=\/wp\/v2\/pages\/3887\/revisions\/3896"}],"wp:attachment":[{"href":"https:\/\/gtselbe.hamburg.de\/index.php?rest_route=%2Fwp%2Fv2%2Fmedia&parent=3887"}],"curies":[{"name":"wp","href":"https:\/\/api.w.org\/{rel}","templated":true}]}}