{"id":3897,"date":"2025-11-27T13:56:04","date_gmt":"2025-11-27T12:56:04","guid":{"rendered":"https:\/\/gtselbe.hamburg.de\/?page_id=3897"},"modified":"2025-11-27T13:56:04","modified_gmt":"2025-11-27T12:56:04","slug":"24-11-25-klassen-3a3b-schulkinowoche","status":"publish","type":"page","link":"https:\/\/gtselbe.hamburg.de\/?page_id=3897","title":{"rendered":"24.11.25: [Klassen 3a,3b] SchulKinoWoche"},"content":{"rendered":"<p>Im Rahmen der SchulKinoWoche durften die 3. Klassen heute im Passage-Kino den Film \u201eTafiti \u2013 Ab durch die W\u00fcste\u201c anschauen.<\/p>\n<p>Tafiti, das mutige kleine Erdm\u00e4nnchen und sein bester Freund Pinsel machen sich darin auf eine spannende Reise quer durch die W\u00fcste. Sie wollen die seltene blaue Blume finden, die Gro\u00dfvater Opapa wieder gesund machen soll. Unterwegs begegnen sie verschiedenen W\u00fcstentieren, m\u00fcssen Durst, Hitze und sogar einen Sandsturm \u00fcberstehen. Mit viel Mut, Freundschaft und einer Portion Gl\u00fcck schaffen sie es am Ende, ihr Ziel zu erreichen.<\/p>\n<p>Ein besonderes Highlight war, dass wir den ganzen Kinosaal f\u00fcr uns allein hatten \u2013 ein tolles Erlebnis f\u00fcr alle!<\/p>\n<p><img loading=\"lazy\" decoding=\"async\" class=\"alignnone size-large wp-image-3898\" src=\"https:\/\/gtselbe.hamburg.de\/wp-content\/uploads\/sites\/13\/2025\/11\/IMG_7491-768x1024.jpeg\" alt=\"\" width=\"525\" height=\"700\" srcset=\"https:\/\/gtselbe.hamburg.de\/wp-content\/uploads\/sites\/13\/2025\/11\/IMG_7491-768x1024.jpeg 768w, https:\/\/gtselbe.hamburg.de\/wp-content\/uploads\/sites\/13\/2025\/11\/IMG_7491-225x300.jpeg 225w, https:\/\/gtselbe.hamburg.de\/wp-content\/uploads\/sites\/13\/2025\/11\/IMG_7491-1152x1536.jpeg 1152w, https:\/\/gtselbe.hamburg.de\/wp-content\/uploads\/sites\/13\/2025\/11\/IMG_7491.jpeg 1536w\" sizes=\"auto, (max-width: 525px) 100vw, 525px\" \/> <img loading=\"lazy\" decoding=\"async\" class=\"alignnone size-large wp-image-3899\" src=\"https:\/\/gtselbe.hamburg.de\/wp-content\/uploads\/sites\/13\/2025\/11\/IMG_7493-768x1024.jpeg\" alt=\"\" width=\"525\" height=\"700\" srcset=\"https:\/\/gtselbe.hamburg.de\/wp-content\/uploads\/sites\/13\/2025\/11\/IMG_7493-768x1024.jpeg 768w, https:\/\/gtselbe.hamburg.de\/wp-content\/uploads\/sites\/13\/2025\/11\/IMG_7493-225x300.jpeg 225w, https:\/\/gtselbe.hamburg.de\/wp-content\/uploads\/sites\/13\/2025\/11\/IMG_7493-1152x1536.jpeg 1152w, https:\/\/gtselbe.hamburg.de\/wp-content\/uploads\/sites\/13\/2025\/11\/IMG_7493.jpeg 1536w\" sizes=\"auto, (max-width: 525px) 100vw, 525px\" \/> <img loading=\"lazy\" decoding=\"async\" class=\"alignnone size-large wp-image-3900\" src=\"https:\/\/gtselbe.hamburg.de\/wp-content\/uploads\/sites\/13\/2025\/11\/8f88a239-16e3-4fc4-b065-4c4415d34626-1014x1024.jpeg\" alt=\"\" width=\"525\" height=\"530\" srcset=\"https:\/\/gtselbe.hamburg.de\/wp-content\/uploads\/sites\/13\/2025\/11\/8f88a239-16e3-4fc4-b065-4c4415d34626-1014x1024.jpeg 1014w, https:\/\/gtselbe.hamburg.de\/wp-content\/uploads\/sites\/13\/2025\/11\/8f88a239-16e3-4fc4-b065-4c4415d34626-297x300.jpeg 297w, https:\/\/gtselbe.hamburg.de\/wp-content\/uploads\/sites\/13\/2025\/11\/8f88a239-16e3-4fc4-b065-4c4415d34626-150x150.jpeg 150w, https:\/\/gtselbe.hamburg.de\/wp-content\/uploads\/sites\/13\/2025\/11\/8f88a239-16e3-4fc4-b065-4c4415d34626-768x776.jpeg 768w, https:\/\/gtselbe.hamburg.de\/wp-content\/uploads\/sites\/13\/2025\/11\/8f88a239-16e3-4fc4-b065-4c4415d34626-100x100.jpeg 100w, https:\/\/gtselbe.hamburg.de\/wp-content\/uploads\/sites\/13\/2025\/11\/8f88a239-16e3-4fc4-b065-4c4415d34626-60x60.jpeg 60w, https:\/\/gtselbe.hamburg.de\/wp-content\/uploads\/sites\/13\/2025\/11\/8f88a239-16e3-4fc4-b065-4c4415d34626.jpeg 1485w\" sizes=\"auto, (max-width: 525px) 100vw, 525px\" \/><\/p>\n","protected":false},"excerpt":{"rendered":"<p>Im Rahmen der SchulKinoWoche durften die 3. Klassen heute im Passage-Kino den Film \u201eTafiti \u2013 Ab durch die W\u00fcste\u201c anschauen. Tafiti, das mutige kleine Erdm\u00e4nnchen und sein bester Freund Pinsel machen sich darin auf eine spannende Reise quer durch die W\u00fcste. Sie wollen die seltene blaue Blume finden, die Gro\u00dfvater Opapa wieder gesund machen soll. &hellip; <\/p>\n<p class=\"link-more\"><a href=\"https:\/\/gtselbe.hamburg.de\/?page_id=3897\" class=\"more-link\"><span class=\"screen-reader-text\">\u201e24.11.25: [Klassen 3a,3b] SchulKinoWoche\u201c <\/span>weiterlesen<\/a><\/p>\n","protected":false},"author":1587,"featured_media":0,"parent":0,"menu_order":0,"comment_status":"closed","ping_status":"closed","template":"","meta":{"_acf_changed":false,"footnotes":""},"class_list":["post-3897","page","type-page","status-publish","hentry"],"acf":[],"_links":{"self":[{"href":"https:\/\/gtselbe.hamburg.de\/index.php?rest_route=\/wp\/v2\/pages\/3897","targetHints":{"allow":["GET"]}}],"collection":[{"href":"https:\/\/gtselbe.hamburg.de\/index.php?rest_route=\/wp\/v2\/pages"}],"about":[{"href":"https:\/\/gtselbe.hamburg.de\/index.php?rest_route=\/wp\/v2\/types\/page"}],"author":[{"embeddable":true,"href":"https:\/\/gtselbe.hamburg.de\/index.php?rest_route=\/wp\/v2\/users\/1587"}],"replies":[{"embeddable":true,"href":"https:\/\/gtselbe.hamburg.de\/index.php?rest_route=%2Fwp%2Fv2%2Fcomments&post=3897"}],"version-history":[{"count":1,"href":"https:\/\/gtselbe.hamburg.de\/index.php?rest_route=\/wp\/v2\/pages\/3897\/revisions"}],"predecessor-version":[{"id":3901,"href":"https:\/\/gtselbe.hamburg.de\/index.php?rest_route=\/wp\/v2\/pages\/3897\/revisions\/3901"}],"wp:attachment":[{"href":"https:\/\/gtselbe.hamburg.de\/index.php?rest_route=%2Fwp%2Fv2%2Fmedia&parent=3897"}],"curies":[{"name":"wp","href":"https:\/\/api.w.org\/{rel}","templated":true}]}}