{"id":4032,"date":"2025-12-05T08:54:53","date_gmt":"2025-12-05T07:54:53","guid":{"rendered":"https:\/\/gtselbe.hamburg.de\/?page_id=4032"},"modified":"2025-12-05T08:54:53","modified_gmt":"2025-12-05T07:54:53","slug":"27-11-25-klassen-3a-3b-tag-der-kinderrechte","status":"publish","type":"page","link":"https:\/\/gtselbe.hamburg.de\/?page_id=4032","title":{"rendered":"27.11.25: [Klassen 3a, 3b] Tag der Kinderrechte"},"content":{"rendered":"<p>Kinderrechte \u2013 Du hast nicht immer recht, doch du hast immer Rechte<\/p>\n<p>Die Kinderbuchautorin Katharina Mauder las uns aus dem Sammelband \u201eDu hast nicht immer recht, doch du hast immer Rechte\u201c vor. Das Buch wurde von den ElbAutorInnen geschrieben \u2013 allerdings nicht von allen rund 60 Mitgliedern, sondern von zw\u00f6lf Autorinnen, die sich an diesem Projekt beteiligt haben. Die Illustrationen stammen von Franziska Viviane Zobel.<\/p>\n<p>Frau Mauder war beeindruckt, wie viel wir bereits \u00fcber die Kinderrechte wissen. Besonders wichtig war f\u00fcr uns zu erfahren, dass die Kinderrechte erst seit etwa 30 Jahren existieren und dass sie noch l\u00e4ngst nicht in allen L\u00e4ndern anerkannt sind. Es gibt also immer noch viele Kinder auf der Welt, die ihre Rechte nicht kennen oder nicht wahrnehmen k\u00f6nnen.<\/p>\n<p>W\u00e4hrend der Lesung sollten wir genau zuh\u00f6ren, um herauszufinden, welches Kinderrecht in den Geschichten vorkommt.<\/p>\n<ul>\n<li>In der ersten Geschichte ging es um das Recht auf Zugang zu Medien. Dabei wurde uns erneut bewusst, wie wichtig das Lesen ist \u2013 denn B\u00fccher z\u00e4hlen zu den \u00e4ltesten und zuverl\u00e4ssigsten Informationsquellen.<\/li>\n<li>In der zweiten Geschichte ging es um das Recht auf Erholung und Genesung \u2013 nicht nur k\u00f6rperlich, sondern auch seelisch.<\/li>\n<\/ul>\n<p>Die Geschichten waren sehr spannend. Leider reichte die Zeit nur f\u00fcr zwei davon.<\/p>\n<p>Im Anschluss gestalteten wir eine Wimpelkette zu verschiedenen Kinderrechten. Es machte gro\u00dfen Spa\u00df, sich selbstst\u00e4ndig einzulesen und passende Bilder zu malen.<\/p>\n<p>Zum Schluss bekamen wir noch einen Beutel mit kleinen Geschenken und ein Heft \u00fcber die Kinderrechte.<\/p>\n<p><img loading=\"lazy\" decoding=\"async\" class=\"alignnone size-large wp-image-4033\" src=\"https:\/\/gtselbe.hamburg.de\/wp-content\/uploads\/sites\/13\/2025\/12\/IMG_7516-768x1024.jpeg\" alt=\"\" width=\"525\" height=\"700\" srcset=\"https:\/\/gtselbe.hamburg.de\/wp-content\/uploads\/sites\/13\/2025\/12\/IMG_7516-768x1024.jpeg 768w, https:\/\/gtselbe.hamburg.de\/wp-content\/uploads\/sites\/13\/2025\/12\/IMG_7516-225x300.jpeg 225w, https:\/\/gtselbe.hamburg.de\/wp-content\/uploads\/sites\/13\/2025\/12\/IMG_7516-1152x1536.jpeg 1152w, https:\/\/gtselbe.hamburg.de\/wp-content\/uploads\/sites\/13\/2025\/12\/IMG_7516.jpeg 1536w\" sizes=\"auto, (max-width: 525px) 100vw, 525px\" \/> <img loading=\"lazy\" decoding=\"async\" class=\"alignnone size-large wp-image-4034\" src=\"https:\/\/gtselbe.hamburg.de\/wp-content\/uploads\/sites\/13\/2025\/12\/IMG_7517-768x1024.jpeg\" alt=\"\" width=\"525\" height=\"700\" srcset=\"https:\/\/gtselbe.hamburg.de\/wp-content\/uploads\/sites\/13\/2025\/12\/IMG_7517-768x1024.jpeg 768w, https:\/\/gtselbe.hamburg.de\/wp-content\/uploads\/sites\/13\/2025\/12\/IMG_7517-225x300.jpeg 225w, https:\/\/gtselbe.hamburg.de\/wp-content\/uploads\/sites\/13\/2025\/12\/IMG_7517-1152x1536.jpeg 1152w, https:\/\/gtselbe.hamburg.de\/wp-content\/uploads\/sites\/13\/2025\/12\/IMG_7517.jpeg 1536w\" sizes=\"auto, (max-width: 525px) 100vw, 525px\" \/> <img loading=\"lazy\" decoding=\"async\" class=\"alignnone size-large wp-image-4035\" src=\"https:\/\/gtselbe.hamburg.de\/wp-content\/uploads\/sites\/13\/2025\/12\/IMG_7519-768x1024.jpeg\" alt=\"\" width=\"525\" height=\"700\" srcset=\"https:\/\/gtselbe.hamburg.de\/wp-content\/uploads\/sites\/13\/2025\/12\/IMG_7519-768x1024.jpeg 768w, https:\/\/gtselbe.hamburg.de\/wp-content\/uploads\/sites\/13\/2025\/12\/IMG_7519-225x300.jpeg 225w, https:\/\/gtselbe.hamburg.de\/wp-content\/uploads\/sites\/13\/2025\/12\/IMG_7519-1152x1536.jpeg 1152w, https:\/\/gtselbe.hamburg.de\/wp-content\/uploads\/sites\/13\/2025\/12\/IMG_7519.jpeg 1536w\" sizes=\"auto, (max-width: 525px) 100vw, 525px\" \/> <img loading=\"lazy\" decoding=\"async\" class=\"alignnone size-large wp-image-4036\" src=\"https:\/\/gtselbe.hamburg.de\/wp-content\/uploads\/sites\/13\/2025\/12\/IMG_7522-768x1024.jpeg\" alt=\"\" width=\"525\" height=\"700\" srcset=\"https:\/\/gtselbe.hamburg.de\/wp-content\/uploads\/sites\/13\/2025\/12\/IMG_7522-768x1024.jpeg 768w, https:\/\/gtselbe.hamburg.de\/wp-content\/uploads\/sites\/13\/2025\/12\/IMG_7522-225x300.jpeg 225w, https:\/\/gtselbe.hamburg.de\/wp-content\/uploads\/sites\/13\/2025\/12\/IMG_7522-1152x1536.jpeg 1152w, https:\/\/gtselbe.hamburg.de\/wp-content\/uploads\/sites\/13\/2025\/12\/IMG_7522.jpeg 1536w\" sizes=\"auto, (max-width: 525px) 100vw, 525px\" \/> <img loading=\"lazy\" decoding=\"async\" class=\"alignnone size-large wp-image-4037\" src=\"https:\/\/gtselbe.hamburg.de\/wp-content\/uploads\/sites\/13\/2025\/12\/IMG_7528-768x1024.jpeg\" alt=\"\" width=\"525\" height=\"700\" srcset=\"https:\/\/gtselbe.hamburg.de\/wp-content\/uploads\/sites\/13\/2025\/12\/IMG_7528-768x1024.jpeg 768w, https:\/\/gtselbe.hamburg.de\/wp-content\/uploads\/sites\/13\/2025\/12\/IMG_7528-225x300.jpeg 225w, https:\/\/gtselbe.hamburg.de\/wp-content\/uploads\/sites\/13\/2025\/12\/IMG_7528-1152x1536.jpeg 1152w, https:\/\/gtselbe.hamburg.de\/wp-content\/uploads\/sites\/13\/2025\/12\/IMG_7528.jpeg 1536w\" sizes=\"auto, (max-width: 525px) 100vw, 525px\" \/> <img loading=\"lazy\" decoding=\"async\" class=\"alignnone size-large wp-image-4038\" src=\"https:\/\/gtselbe.hamburg.de\/wp-content\/uploads\/sites\/13\/2025\/12\/IMG_7530-1024x768.jpeg\" alt=\"\" width=\"525\" height=\"394\" srcset=\"https:\/\/gtselbe.hamburg.de\/wp-content\/uploads\/sites\/13\/2025\/12\/IMG_7530-1024x768.jpeg 1024w, https:\/\/gtselbe.hamburg.de\/wp-content\/uploads\/sites\/13\/2025\/12\/IMG_7530-300x225.jpeg 300w, https:\/\/gtselbe.hamburg.de\/wp-content\/uploads\/sites\/13\/2025\/12\/IMG_7530-768x576.jpeg 768w, https:\/\/gtselbe.hamburg.de\/wp-content\/uploads\/sites\/13\/2025\/12\/IMG_7530-1536x1152.jpeg 1536w, https:\/\/gtselbe.hamburg.de\/wp-content\/uploads\/sites\/13\/2025\/12\/IMG_7530.jpeg 2048w\" sizes=\"auto, (max-width: 525px) 100vw, 525px\" \/><\/p>\n","protected":false},"excerpt":{"rendered":"<p>Kinderrechte \u2013 Du hast nicht immer recht, doch du hast immer Rechte Die Kinderbuchautorin Katharina Mauder las uns aus dem Sammelband \u201eDu hast nicht immer recht, doch du hast immer Rechte\u201c vor. Das Buch wurde von den ElbAutorInnen geschrieben \u2013 allerdings nicht von allen rund 60 Mitgliedern, sondern von zw\u00f6lf Autorinnen, die sich an diesem &hellip; <\/p>\n<p class=\"link-more\"><a href=\"https:\/\/gtselbe.hamburg.de\/?page_id=4032\" class=\"more-link\"><span class=\"screen-reader-text\">\u201e27.11.25: [Klassen 3a, 3b] Tag der Kinderrechte\u201c <\/span>weiterlesen<\/a><\/p>\n","protected":false},"author":1587,"featured_media":0,"parent":0,"menu_order":0,"comment_status":"closed","ping_status":"closed","template":"","meta":{"_acf_changed":false,"footnotes":""},"class_list":["post-4032","page","type-page","status-publish","hentry"],"acf":[],"_links":{"self":[{"href":"https:\/\/gtselbe.hamburg.de\/index.php?rest_route=\/wp\/v2\/pages\/4032","targetHints":{"allow":["GET"]}}],"collection":[{"href":"https:\/\/gtselbe.hamburg.de\/index.php?rest_route=\/wp\/v2\/pages"}],"about":[{"href":"https:\/\/gtselbe.hamburg.de\/index.php?rest_route=\/wp\/v2\/types\/page"}],"author":[{"embeddable":true,"href":"https:\/\/gtselbe.hamburg.de\/index.php?rest_route=\/wp\/v2\/users\/1587"}],"replies":[{"embeddable":true,"href":"https:\/\/gtselbe.hamburg.de\/index.php?rest_route=%2Fwp%2Fv2%2Fcomments&post=4032"}],"version-history":[{"count":2,"href":"https:\/\/gtselbe.hamburg.de\/index.php?rest_route=\/wp\/v2\/pages\/4032\/revisions"}],"predecessor-version":[{"id":4040,"href":"https:\/\/gtselbe.hamburg.de\/index.php?rest_route=\/wp\/v2\/pages\/4032\/revisions\/4040"}],"wp:attachment":[{"href":"https:\/\/gtselbe.hamburg.de\/index.php?rest_route=%2Fwp%2Fv2%2Fmedia&parent=4032"}],"curies":[{"name":"wp","href":"https:\/\/api.w.org\/{rel}","templated":true}]}}