{"id":4060,"date":"2025-12-19T10:30:57","date_gmt":"2025-12-19T09:30:57","guid":{"rendered":"https:\/\/gtselbe.hamburg.de\/?page_id=4060"},"modified":"2025-12-19T10:30:57","modified_gmt":"2025-12-19T09:30:57","slug":"28-11-25-alle-bastelvormittag","status":"publish","type":"page","link":"https:\/\/gtselbe.hamburg.de\/?page_id=4060","title":{"rendered":"28.11.25: [alle] Bastelvormittag"},"content":{"rendered":"<p>Ende November fand wie immer unser traditioneller Advents-Bastelvormittag in allen Klassen statt. In gem\u00fctlicher Atmosph\u00e4re bei Weihnachtsmusik und ein paar Keksen wurde flei\u00dfig geschnitten, gefaltet, geklebt, dekoriert und im 4. Jahrgang sogar gebacken. Auch Adventskalender f\u00fcr die eigenen Klassen wurden gemeinsam gestaltet, die im Anschluss von den Klassenlehrerleitungen liebevoll bef\u00fcllt wurden. Die Ergebnisse k\u00f6nnen sich sehen lassen und die Klassenr\u00e4ume erstrahlen in buntem Glanz.&nbsp;&nbsp;<\/p>\n<p><img loading=\"lazy\" decoding=\"async\" class=\"alignnone size-large wp-image-4061\" src=\"https:\/\/gtselbe.hamburg.de\/wp-content\/uploads\/sites\/13\/2025\/12\/image002-1024x768.gif\" alt=\"\" width=\"525\" height=\"394\" srcset=\"https:\/\/gtselbe.hamburg.de\/wp-content\/uploads\/sites\/13\/2025\/12\/image002-1024x768.gif 1024w, https:\/\/gtselbe.hamburg.de\/wp-content\/uploads\/sites\/13\/2025\/12\/image002-300x225.gif 300w, https:\/\/gtselbe.hamburg.de\/wp-content\/uploads\/sites\/13\/2025\/12\/image002-768x576.gif 768w, https:\/\/gtselbe.hamburg.de\/wp-content\/uploads\/sites\/13\/2025\/12\/image002-1536x1152.gif 1536w\" sizes=\"auto, (max-width: 525px) 100vw, 525px\" \/> <img loading=\"lazy\" decoding=\"async\" class=\"alignnone size-large wp-image-4062\" src=\"https:\/\/gtselbe.hamburg.de\/wp-content\/uploads\/sites\/13\/2025\/12\/image004-768x1024.gif\" alt=\"\" width=\"525\" height=\"700\" srcset=\"https:\/\/gtselbe.hamburg.de\/wp-content\/uploads\/sites\/13\/2025\/12\/image004-768x1024.gif 768w, https:\/\/gtselbe.hamburg.de\/wp-content\/uploads\/sites\/13\/2025\/12\/image004-225x300.gif 225w, https:\/\/gtselbe.hamburg.de\/wp-content\/uploads\/sites\/13\/2025\/12\/image004-1152x1536.gif 1152w\" sizes=\"auto, (max-width: 525px) 100vw, 525px\" \/> <img loading=\"lazy\" decoding=\"async\" class=\"alignnone size-large wp-image-4063\" src=\"https:\/\/gtselbe.hamburg.de\/wp-content\/uploads\/sites\/13\/2025\/12\/image005-768x1024.jpg\" alt=\"\" width=\"525\" height=\"700\" srcset=\"https:\/\/gtselbe.hamburg.de\/wp-content\/uploads\/sites\/13\/2025\/12\/image005-768x1024.jpg 768w, https:\/\/gtselbe.hamburg.de\/wp-content\/uploads\/sites\/13\/2025\/12\/image005-225x300.jpg 225w, https:\/\/gtselbe.hamburg.de\/wp-content\/uploads\/sites\/13\/2025\/12\/image005.jpg 960w\" sizes=\"auto, (max-width: 525px) 100vw, 525px\" \/> <img loading=\"lazy\" decoding=\"async\" class=\"alignnone size-large wp-image-4064\" src=\"https:\/\/gtselbe.hamburg.de\/wp-content\/uploads\/sites\/13\/2025\/12\/image007-1024x768.gif\" alt=\"\" width=\"525\" height=\"394\" srcset=\"https:\/\/gtselbe.hamburg.de\/wp-content\/uploads\/sites\/13\/2025\/12\/image007-1024x768.gif 1024w, https:\/\/gtselbe.hamburg.de\/wp-content\/uploads\/sites\/13\/2025\/12\/image007-300x225.gif 300w, https:\/\/gtselbe.hamburg.de\/wp-content\/uploads\/sites\/13\/2025\/12\/image007-768x576.gif 768w\" sizes=\"auto, (max-width: 525px) 100vw, 525px\" \/><\/p>\n","protected":false},"excerpt":{"rendered":"<p>Ende November fand wie immer unser traditioneller Advents-Bastelvormittag in allen Klassen statt. In gem\u00fctlicher Atmosph\u00e4re bei Weihnachtsmusik und ein paar Keksen wurde flei\u00dfig geschnitten, gefaltet, geklebt, dekoriert und im 4. Jahrgang sogar gebacken. Auch Adventskalender f\u00fcr die eigenen Klassen wurden gemeinsam gestaltet, die im Anschluss von den Klassenlehrerleitungen liebevoll bef\u00fcllt wurden. Die Ergebnisse k\u00f6nnen sich &hellip; <\/p>\n<p class=\"link-more\"><a href=\"https:\/\/gtselbe.hamburg.de\/?page_id=4060\" class=\"more-link\"><span class=\"screen-reader-text\">\u201e28.11.25: [alle] Bastelvormittag\u201c <\/span>weiterlesen<\/a><\/p>\n","protected":false},"author":1587,"featured_media":0,"parent":0,"menu_order":0,"comment_status":"closed","ping_status":"closed","template":"","meta":{"_acf_changed":false,"footnotes":""},"class_list":["post-4060","page","type-page","status-publish","hentry"],"acf":[],"_links":{"self":[{"href":"https:\/\/gtselbe.hamburg.de\/index.php?rest_route=\/wp\/v2\/pages\/4060","targetHints":{"allow":["GET"]}}],"collection":[{"href":"https:\/\/gtselbe.hamburg.de\/index.php?rest_route=\/wp\/v2\/pages"}],"about":[{"href":"https:\/\/gtselbe.hamburg.de\/index.php?rest_route=\/wp\/v2\/types\/page"}],"author":[{"embeddable":true,"href":"https:\/\/gtselbe.hamburg.de\/index.php?rest_route=\/wp\/v2\/users\/1587"}],"replies":[{"embeddable":true,"href":"https:\/\/gtselbe.hamburg.de\/index.php?rest_route=%2Fwp%2Fv2%2Fcomments&post=4060"}],"version-history":[{"count":2,"href":"https:\/\/gtselbe.hamburg.de\/index.php?rest_route=\/wp\/v2\/pages\/4060\/revisions"}],"predecessor-version":[{"id":4066,"href":"https:\/\/gtselbe.hamburg.de\/index.php?rest_route=\/wp\/v2\/pages\/4060\/revisions\/4066"}],"wp:attachment":[{"href":"https:\/\/gtselbe.hamburg.de\/index.php?rest_route=%2Fwp%2Fv2%2Fmedia&parent=4060"}],"curies":[{"name":"wp","href":"https:\/\/api.w.org\/{rel}","templated":true}]}}