{"id":4067,"date":"2025-12-19T10:33:58","date_gmt":"2025-12-19T09:33:58","guid":{"rendered":"https:\/\/gtselbe.hamburg.de\/?page_id=4067"},"modified":"2025-12-19T10:33:58","modified_gmt":"2025-12-19T09:33:58","slug":"02-12-25-3a-und-04-12-25-3b-feuerinformationszentrum","status":"publish","type":"page","link":"https:\/\/gtselbe.hamburg.de\/?page_id=4067","title":{"rendered":"02.12.25: [3a] und 04.12.25 [3b] Feuerinformationszentrum"},"content":{"rendered":"<p style=\"margin: 0cm\">Am Dienstag und Donnerstag besuchte der Jahrgang 3 im Rahmen des Sachunterrichts das Feuerinformationszentrum.<\/p>\n<p style=\"margin: 0cm\">&nbsp;<\/p>\n<p style=\"margin: 0cm\">Zu Beginn gab es einen Theorieteil, in dem wir unser gelerntes Wissen anwenden konnten und vieles dazugelernt haben. Beispielsweise haben wir erfahren, dass die Hauptaufgaben der Feuerwehr darin bestehen, Feuer zu l\u00f6schen, Lebewesen zu sch\u00fctzen und zu retten sowie Gegenst\u00e4nde zu bergen. Daf\u00fcr nutzen sie entweder Schaum oder Wasser. Das Wasser bekommen sie aus Hydranten. Der Feuerwehrmann hat uns erkl\u00e4rt, wo wir Hydranten finden und wie wir sie erkennen k\u00f6nnen. Au\u00dferdem braucht Feuer, um zu entstehen, drei Komponenten: W\u00e4rme, Sauerstoff und Brennstoff \u2013 fehlt eine davon, geht das Feuer aus.<\/p>\n<p style=\"margin: 0cm\">Anschlie\u00dfend durfte ein Kind beispielhaft einen Notruf absetzen. Der Feuerwehrmann zeigte uns genau, wie so ein Notruf abl\u00e4uft und welche Schritte dabei wichtig sind. Dabei wurde uns noch einmal deutlich, dass die Leitstelle durch gezielte Nachfragen alle wichtigen Informationen erh\u00e4lt, um schnell und richtig helfen zu k\u00f6nnen.<\/p>\n<p style=\"margin: 0cm\">Danach gingen wir in den Rauchraum. Dort untersuchten wir verschiedene Alltagssituationen und \u00fcberlegten, wo Feuer entstehen k\u00f6nnte. Wir konnten sogar miterleben, wie sich ein Raum mit Rauch f\u00fcllt \u2013 nat\u00fcrlich sicher und unter Anleitung. Dabei wurde uns klar: Im Brandfall m\u00fcssen wir immer kriechen oder krabbeln, weil der Rauch nach oben steigt.<\/p>\n<p style=\"margin: 0cm\">Zum Abschluss wartete ein echtes Highlight auf uns: Wir durften uns als Feuerwehrfrauen und -m\u00e4nner verkleiden und im Feuerwehrauto Platz nehmen \u2013 mit Blaulicht und Martinshorn.<\/p>\n<p style=\"margin: 0cm\">&nbsp;<\/p>\n<p style=\"margin: 0cm\">Unser Besuch im Feuerinformationszentrum war spannend, lehrreich und hat uns allen gro\u00dfen Spa\u00df gemacht!<\/p>\n<p><img loading=\"lazy\" decoding=\"async\" class=\"alignnone size-large wp-image-4068\" src=\"https:\/\/gtselbe.hamburg.de\/wp-content\/uploads\/sites\/13\/2025\/12\/IMG_7611-768x1024.jpeg\" alt=\"\" width=\"525\" height=\"700\" srcset=\"https:\/\/gtselbe.hamburg.de\/wp-content\/uploads\/sites\/13\/2025\/12\/IMG_7611-768x1024.jpeg 768w, https:\/\/gtselbe.hamburg.de\/wp-content\/uploads\/sites\/13\/2025\/12\/IMG_7611-225x300.jpeg 225w, https:\/\/gtselbe.hamburg.de\/wp-content\/uploads\/sites\/13\/2025\/12\/IMG_7611-1152x1536.jpeg 1152w, https:\/\/gtselbe.hamburg.de\/wp-content\/uploads\/sites\/13\/2025\/12\/IMG_7611.jpeg 1536w\" sizes=\"auto, (max-width: 525px) 100vw, 525px\" \/> <img loading=\"lazy\" decoding=\"async\" class=\"alignnone size-large wp-image-4069\" src=\"https:\/\/gtselbe.hamburg.de\/wp-content\/uploads\/sites\/13\/2025\/12\/IMG_7673-768x1024.jpeg\" alt=\"\" width=\"525\" height=\"700\" srcset=\"https:\/\/gtselbe.hamburg.de\/wp-content\/uploads\/sites\/13\/2025\/12\/IMG_7673-768x1024.jpeg 768w, https:\/\/gtselbe.hamburg.de\/wp-content\/uploads\/sites\/13\/2025\/12\/IMG_7673-225x300.jpeg 225w, https:\/\/gtselbe.hamburg.de\/wp-content\/uploads\/sites\/13\/2025\/12\/IMG_7673-1152x1536.jpeg 1152w, https:\/\/gtselbe.hamburg.de\/wp-content\/uploads\/sites\/13\/2025\/12\/IMG_7673.jpeg 1200w\" sizes=\"auto, (max-width: 525px) 100vw, 525px\" \/> <img loading=\"lazy\" decoding=\"async\" class=\"alignnone size-large wp-image-4070\" src=\"https:\/\/gtselbe.hamburg.de\/wp-content\/uploads\/sites\/13\/2025\/12\/IMG_7674-1024x768.jpeg\" alt=\"\" width=\"525\" height=\"394\" srcset=\"https:\/\/gtselbe.hamburg.de\/wp-content\/uploads\/sites\/13\/2025\/12\/IMG_7674-1024x768.jpeg 1024w, https:\/\/gtselbe.hamburg.de\/wp-content\/uploads\/sites\/13\/2025\/12\/IMG_7674-300x225.jpeg 300w, https:\/\/gtselbe.hamburg.de\/wp-content\/uploads\/sites\/13\/2025\/12\/IMG_7674-768x576.jpeg 768w, https:\/\/gtselbe.hamburg.de\/wp-content\/uploads\/sites\/13\/2025\/12\/IMG_7674-1536x1152.jpeg 1536w, https:\/\/gtselbe.hamburg.de\/wp-content\/uploads\/sites\/13\/2025\/12\/IMG_7674.jpeg 1600w\" sizes=\"auto, (max-width: 525px) 100vw, 525px\" \/><\/p>\n","protected":false},"excerpt":{"rendered":"<p>Am Dienstag und Donnerstag besuchte der Jahrgang 3 im Rahmen des Sachunterrichts das Feuerinformationszentrum. &nbsp; Zu Beginn gab es einen Theorieteil, in dem wir unser gelerntes Wissen anwenden konnten und vieles dazugelernt haben. Beispielsweise haben wir erfahren, dass die Hauptaufgaben der Feuerwehr darin bestehen, Feuer zu l\u00f6schen, Lebewesen zu sch\u00fctzen und zu retten sowie Gegenst\u00e4nde &hellip; <\/p>\n<p class=\"link-more\"><a href=\"https:\/\/gtselbe.hamburg.de\/?page_id=4067\" class=\"more-link\"><span class=\"screen-reader-text\">\u201e02.12.25: [3a] und 04.12.25 [3b] Feuerinformationszentrum\u201c <\/span>weiterlesen<\/a><\/p>\n","protected":false},"author":1587,"featured_media":0,"parent":0,"menu_order":0,"comment_status":"closed","ping_status":"closed","template":"","meta":{"_acf_changed":false,"footnotes":""},"class_list":["post-4067","page","type-page","status-publish","hentry"],"acf":[],"_links":{"self":[{"href":"https:\/\/gtselbe.hamburg.de\/index.php?rest_route=\/wp\/v2\/pages\/4067","targetHints":{"allow":["GET"]}}],"collection":[{"href":"https:\/\/gtselbe.hamburg.de\/index.php?rest_route=\/wp\/v2\/pages"}],"about":[{"href":"https:\/\/gtselbe.hamburg.de\/index.php?rest_route=\/wp\/v2\/types\/page"}],"author":[{"embeddable":true,"href":"https:\/\/gtselbe.hamburg.de\/index.php?rest_route=\/wp\/v2\/users\/1587"}],"replies":[{"embeddable":true,"href":"https:\/\/gtselbe.hamburg.de\/index.php?rest_route=%2Fwp%2Fv2%2Fcomments&post=4067"}],"version-history":[{"count":2,"href":"https:\/\/gtselbe.hamburg.de\/index.php?rest_route=\/wp\/v2\/pages\/4067\/revisions"}],"predecessor-version":[{"id":4072,"href":"https:\/\/gtselbe.hamburg.de\/index.php?rest_route=\/wp\/v2\/pages\/4067\/revisions\/4072"}],"wp:attachment":[{"href":"https:\/\/gtselbe.hamburg.de\/index.php?rest_route=%2Fwp%2Fv2%2Fmedia&parent=4067"}],"curies":[{"name":"wp","href":"https:\/\/api.w.org\/{rel}","templated":true}]}}