{"id":4073,"date":"2025-12-19T10:35:05","date_gmt":"2025-12-19T09:35:05","guid":{"rendered":"https:\/\/gtselbe.hamburg.de\/?page_id=4073"},"modified":"2025-12-19T10:35:55","modified_gmt":"2025-12-19T09:35:55","slug":"10-12-25-3a-3b-theaterbesuch-im-altona-theater","status":"publish","type":"page","link":"https:\/\/gtselbe.hamburg.de\/?page_id=4073","title":{"rendered":"10.12.25: [3a, 3b] Theaterbesuch im Altona Theater"},"content":{"rendered":"<p style=\"margin: 0cm\">Heute war der Jahrgang 3 im Altonaer Theater, um sich das Theaterst\u00fcck \u201eJim Knopf und Lukas der Lokomotivf\u00fchrer\u201c anzuschauen.<\/p>\n<p style=\"margin: 0cm\">Das St\u00fcck hat uns sehr gut gefallen \u2013 es war bunt, lebendig und lustig. Dennoch lief nicht alles so ab, wie man es sich f\u00fcr einen Theaterbesuch w\u00fcnschen w\u00fcrde.<\/p>\n<p style=\"margin: 0cm\">&nbsp;<\/p>\n<p style=\"margin: 0cm\">Wir haben ein paar Kinder nach ihrer Meinung gefragt.<\/p>\n<p style=\"margin: 0cm\">Besonders gut fanden sie:<\/p>\n<p style=\"margin: 0cm\">\u2022 den K\u00f6nig Alfons dem Viertel-vor- Zw\u00f6lften, weil er sehr witzig war \u2013 besonders seine Art zu sprechen,<\/p>\n<p style=\"margin: 0cm\">\u2022 die schlaue Prinzessin Li Si, die in der Kummerland gefangen gehalten wurde,<\/p>\n<p style=\"margin: 0cm\">\u2022 der b\u00f6se Drache Frau Mahlzahn und die spannenden Szenen dort,<\/p>\n<p style=\"margin: 0cm\">\u2022 und nat\u00fcrlich das gl\u00fcckliche Ende, bei dem Jim, Lukas und Emma die Prinzessin Li Si von Mandala finden und retten konnten.<\/p>\n<p style=\"margin: 0cm\">&nbsp;<\/p>\n<p style=\"margin: 0cm\">Weniger sch\u00f6n war allerdings, dass andere Klassen sich nicht an die Theaterregeln gehalten haben. Es war zwischendurch sehr laut, einige Kinder schrien, redeten die ganze Zeit und legten sogar die F\u00fc\u00dfe auf die St\u00fchle. Das hat den Theatergenuss etwas gest\u00f6rt.<\/p>\n<p style=\"margin: 0cm\">&nbsp;<\/p>\n<p style=\"margin: 0cm\">Trotzdem war es f\u00fcr uns ein aufregender und sch\u00f6ner Ausflug \u2013 ein Tag voller Abenteuer, Humor und spannender Momente mit Jim, Lukas und der Lokomotive Emma.<\/p>\n","protected":false},"excerpt":{"rendered":"<p>Heute war der Jahrgang 3 im Altonaer Theater, um sich das Theaterst\u00fcck \u201eJim Knopf und Lukas der Lokomotivf\u00fchrer\u201c anzuschauen. Das St\u00fcck hat uns sehr gut gefallen \u2013 es war bunt, lebendig und lustig. Dennoch lief nicht alles so ab, wie man es sich f\u00fcr einen Theaterbesuch w\u00fcnschen w\u00fcrde. &nbsp; Wir haben ein paar Kinder nach &hellip; <\/p>\n<p class=\"link-more\"><a href=\"https:\/\/gtselbe.hamburg.de\/?page_id=4073\" class=\"more-link\"><span class=\"screen-reader-text\">\u201e10.12.25: [3a, 3b] Theaterbesuch im Altona Theater\u201c <\/span>weiterlesen<\/a><\/p>\n","protected":false},"author":1587,"featured_media":0,"parent":0,"menu_order":0,"comment_status":"closed","ping_status":"closed","template":"","meta":{"_acf_changed":false,"footnotes":""},"class_list":["post-4073","page","type-page","status-publish","hentry"],"acf":[],"_links":{"self":[{"href":"https:\/\/gtselbe.hamburg.de\/index.php?rest_route=\/wp\/v2\/pages\/4073","targetHints":{"allow":["GET"]}}],"collection":[{"href":"https:\/\/gtselbe.hamburg.de\/index.php?rest_route=\/wp\/v2\/pages"}],"about":[{"href":"https:\/\/gtselbe.hamburg.de\/index.php?rest_route=\/wp\/v2\/types\/page"}],"author":[{"embeddable":true,"href":"https:\/\/gtselbe.hamburg.de\/index.php?rest_route=\/wp\/v2\/users\/1587"}],"replies":[{"embeddable":true,"href":"https:\/\/gtselbe.hamburg.de\/index.php?rest_route=%2Fwp%2Fv2%2Fcomments&post=4073"}],"version-history":[{"count":1,"href":"https:\/\/gtselbe.hamburg.de\/index.php?rest_route=\/wp\/v2\/pages\/4073\/revisions"}],"predecessor-version":[{"id":4074,"href":"https:\/\/gtselbe.hamburg.de\/index.php?rest_route=\/wp\/v2\/pages\/4073\/revisions\/4074"}],"wp:attachment":[{"href":"https:\/\/gtselbe.hamburg.de\/index.php?rest_route=%2Fwp%2Fv2%2Fmedia&parent=4073"}],"curies":[{"name":"wp","href":"https:\/\/api.w.org\/{rel}","templated":true}]}}