{"id":4077,"date":"2025-12-19T10:38:16","date_gmt":"2025-12-19T09:38:16","guid":{"rendered":"https:\/\/gtselbe.hamburg.de\/?page_id=4077"},"modified":"2025-12-19T10:38:16","modified_gmt":"2025-12-19T09:38:16","slug":"02-12-25-teil-der-klasse-4a-kinder-auf-den-lesethron","status":"publish","type":"page","link":"https:\/\/gtselbe.hamburg.de\/?page_id=4077","title":{"rendered":"02.12.25: [Teil der Klasse 4a] Kinder auf den Lesethron"},"content":{"rendered":"<p>Adventszeit bedeutet im Literaturhaus an der Alster auch \u201eKinder auf den Lesethron\u201c. Kinder der Klasse 1 bis 4 bekommen die M\u00f6glichkeit selbstgeschriebene Texte vor einem Publikum zu pr\u00e4sentieren und d\u00fcrfen dabei auf einem samtenen, roten Thron Platz nehmen. Wie bereits im vergangenen Jahr moderierten Kinder der 4a gemeinsam mit zwei Kindern der Rudolf-Ro\u00df-Grundschule die Veranstaltung. In diesem Jahr trauten sich Monera und Aissata diese Aufgabe zu und f\u00fchrten die Zuschauerinnen und Zuschauer sicher durch die Veranstaltung. Till und Miray pr\u00e4sentierten zudem noch ihre selbstgeschriebenen Texte \u201eDer verr\u00fcckte Wissenschaftler\u201c und \u201eWolke, der Wellensittich\u201c. Wir hatten wieder viel Spa\u00df und freuen uns schon auf die 21. Ausgabe im n\u00e4chsten Jahr, wenn es wieder hei\u00dft : \u201eKinder auf den Lesethron\u201c!<\/p>\n<p><img loading=\"lazy\" decoding=\"async\" class=\"alignnone size-large wp-image-4078\" src=\"https:\/\/gtselbe.hamburg.de\/wp-content\/uploads\/sites\/13\/2025\/12\/IMG_5345-1024x768.jpeg\" alt=\"\" width=\"525\" height=\"394\" srcset=\"https:\/\/gtselbe.hamburg.de\/wp-content\/uploads\/sites\/13\/2025\/12\/IMG_5345-1024x768.jpeg 1024w, https:\/\/gtselbe.hamburg.de\/wp-content\/uploads\/sites\/13\/2025\/12\/IMG_5345-300x225.jpeg 300w, https:\/\/gtselbe.hamburg.de\/wp-content\/uploads\/sites\/13\/2025\/12\/IMG_5345-768x576.jpeg 768w, https:\/\/gtselbe.hamburg.de\/wp-content\/uploads\/sites\/13\/2025\/12\/IMG_5345-1536x1152.jpeg 1536w, https:\/\/gtselbe.hamburg.de\/wp-content\/uploads\/sites\/13\/2025\/12\/IMG_5345.jpeg 2048w\" sizes=\"auto, (max-width: 525px) 100vw, 525px\" \/><\/p>\n","protected":false},"excerpt":{"rendered":"<p>Adventszeit bedeutet im Literaturhaus an der Alster auch \u201eKinder auf den Lesethron\u201c. Kinder der Klasse 1 bis 4 bekommen die M\u00f6glichkeit selbstgeschriebene Texte vor einem Publikum zu pr\u00e4sentieren und d\u00fcrfen dabei auf einem samtenen, roten Thron Platz nehmen. Wie bereits im vergangenen Jahr moderierten Kinder der 4a gemeinsam mit zwei Kindern der Rudolf-Ro\u00df-Grundschule die Veranstaltung. &hellip; <\/p>\n<p class=\"link-more\"><a href=\"https:\/\/gtselbe.hamburg.de\/?page_id=4077\" class=\"more-link\"><span class=\"screen-reader-text\">\u201e02.12.25: [Teil der Klasse 4a] Kinder auf den Lesethron\u201c <\/span>weiterlesen<\/a><\/p>\n","protected":false},"author":1587,"featured_media":0,"parent":0,"menu_order":0,"comment_status":"closed","ping_status":"closed","template":"","meta":{"_acf_changed":false,"footnotes":""},"class_list":["post-4077","page","type-page","status-publish","hentry"],"acf":[],"_links":{"self":[{"href":"https:\/\/gtselbe.hamburg.de\/index.php?rest_route=\/wp\/v2\/pages\/4077","targetHints":{"allow":["GET"]}}],"collection":[{"href":"https:\/\/gtselbe.hamburg.de\/index.php?rest_route=\/wp\/v2\/pages"}],"about":[{"href":"https:\/\/gtselbe.hamburg.de\/index.php?rest_route=\/wp\/v2\/types\/page"}],"author":[{"embeddable":true,"href":"https:\/\/gtselbe.hamburg.de\/index.php?rest_route=\/wp\/v2\/users\/1587"}],"replies":[{"embeddable":true,"href":"https:\/\/gtselbe.hamburg.de\/index.php?rest_route=%2Fwp%2Fv2%2Fcomments&post=4077"}],"version-history":[{"count":2,"href":"https:\/\/gtselbe.hamburg.de\/index.php?rest_route=\/wp\/v2\/pages\/4077\/revisions"}],"predecessor-version":[{"id":4080,"href":"https:\/\/gtselbe.hamburg.de\/index.php?rest_route=\/wp\/v2\/pages\/4077\/revisions\/4080"}],"wp:attachment":[{"href":"https:\/\/gtselbe.hamburg.de\/index.php?rest_route=%2Fwp%2Fv2%2Fmedia&parent=4077"}],"curies":[{"name":"wp","href":"https:\/\/api.w.org\/{rel}","templated":true}]}}