{"id":4081,"date":"2025-12-19T10:39:17","date_gmt":"2025-12-19T09:39:17","guid":{"rendered":"https:\/\/gtselbe.hamburg.de\/?page_id=4081"},"modified":"2025-12-19T10:39:17","modified_gmt":"2025-12-19T09:39:17","slug":"20-11-25-alle-laternenfest","status":"publish","type":"page","link":"https:\/\/gtselbe.hamburg.de\/?page_id=4081","title":{"rendered":"20.11.25: [alle] Laternenfest"},"content":{"rendered":"<p>Eigentlich sollte das Laternenfest schon am 14.11. stattfinden. Die Gruppe &#8222;Mahoin&#8220; hatte schon lange vorher zugesagt, f\u00fcr musikalischen Genuss zu sorgen. Ein Laternenspaziergang \u00fcber den Fischmarkt war geplant. Doch leider regnete es an dem Tag heftig und andauernd. Am 20.11. fand das Laternenfest in kleinerer Form statt. Die Band Mahoin konnte leider nicht dabei sein, da sie bis zum Jahresende ausgebucht war. Bei herrlichem Wetter trafen wir uns auf dem Schulhof, lie\u00dfen die Laternen leuchten und sangen einige Lieder. Waffeln, Hot-Dogs und verschiedene Getr\u00e4nke sorgten f\u00fcr das leibliche Wohl.<\/p>\n","protected":false},"excerpt":{"rendered":"<p>Eigentlich sollte das Laternenfest schon am 14.11. stattfinden. Die Gruppe &#8222;Mahoin&#8220; hatte schon lange vorher zugesagt, f\u00fcr musikalischen Genuss zu sorgen. Ein Laternenspaziergang \u00fcber den Fischmarkt war geplant. Doch leider regnete es an dem Tag heftig und andauernd. Am 20.11. fand das Laternenfest in kleinerer Form statt. Die Band Mahoin konnte leider nicht dabei sein, &hellip; <\/p>\n<p class=\"link-more\"><a href=\"https:\/\/gtselbe.hamburg.de\/?page_id=4081\" class=\"more-link\"><span class=\"screen-reader-text\">\u201e20.11.25: [alle] Laternenfest\u201c <\/span>weiterlesen<\/a><\/p>\n","protected":false},"author":1587,"featured_media":0,"parent":0,"menu_order":0,"comment_status":"closed","ping_status":"closed","template":"","meta":{"_acf_changed":false,"footnotes":""},"class_list":["post-4081","page","type-page","status-publish","hentry"],"acf":[],"_links":{"self":[{"href":"https:\/\/gtselbe.hamburg.de\/index.php?rest_route=\/wp\/v2\/pages\/4081","targetHints":{"allow":["GET"]}}],"collection":[{"href":"https:\/\/gtselbe.hamburg.de\/index.php?rest_route=\/wp\/v2\/pages"}],"about":[{"href":"https:\/\/gtselbe.hamburg.de\/index.php?rest_route=\/wp\/v2\/types\/page"}],"author":[{"embeddable":true,"href":"https:\/\/gtselbe.hamburg.de\/index.php?rest_route=\/wp\/v2\/users\/1587"}],"replies":[{"embeddable":true,"href":"https:\/\/gtselbe.hamburg.de\/index.php?rest_route=%2Fwp%2Fv2%2Fcomments&post=4081"}],"version-history":[{"count":1,"href":"https:\/\/gtselbe.hamburg.de\/index.php?rest_route=\/wp\/v2\/pages\/4081\/revisions"}],"predecessor-version":[{"id":4082,"href":"https:\/\/gtselbe.hamburg.de\/index.php?rest_route=\/wp\/v2\/pages\/4081\/revisions\/4082"}],"wp:attachment":[{"href":"https:\/\/gtselbe.hamburg.de\/index.php?rest_route=%2Fwp%2Fv2%2Fmedia&parent=4081"}],"curies":[{"name":"wp","href":"https:\/\/api.w.org\/{rel}","templated":true}]}}