{"id":70,"date":"2015-01-06T18:17:25","date_gmt":"2015-01-06T17:17:25","guid":{"rendered":"http:\/\/gtselbe.schulhomepages.hamburg.de\/?page_id=70"},"modified":"2024-12-02T10:14:42","modified_gmt":"2024-12-02T09:14:42","slug":"unsere-gebaeude","status":"publish","type":"page","link":"https:\/\/gtselbe.hamburg.de\/?page_id=70","title":{"rendered":"Unser Neubau"},"content":{"rendered":"<p><strong><span style=\"font-size: 14pt;font-family: tahoma, arial, helvetica, sans-serif\">An dieser Stelle informieren wir Sie \u00fcber den Baufortschritt<\/span><\/strong><\/p>\n<p>&nbsp;<\/p>\n<p><strong><span style=\"font-size: 14pt;font-family: tahoma, arial, helvetica, sans-serif\">Unser Umzug in den Neubau auf dem Struensee-Campus (Struenseestra\u00dfe 32, 22767 Hamburg) ist geplant f\u00fcr Februar 2026.<\/span><\/strong><\/p>\n<p style=\"text-align: left\">\n","protected":false},"excerpt":{"rendered":"<p>An dieser Stelle informieren wir Sie \u00fcber den Baufortschritt &nbsp; Unser Umzug in den Neubau auf dem Struensee-Campus (Struenseestra\u00dfe 32, 22767 Hamburg) ist geplant f\u00fcr Februar 2026.<\/p>\n","protected":false},"author":8,"featured_media":0,"parent":0,"menu_order":0,"comment_status":"closed","ping_status":"closed","template":"","meta":{"_acf_changed":false,"footnotes":""},"class_list":["post-70","page","type-page","status-publish","hentry"],"acf":[],"_links":{"self":[{"href":"https:\/\/gtselbe.hamburg.de\/index.php?rest_route=\/wp\/v2\/pages\/70","targetHints":{"allow":["GET"]}}],"collection":[{"href":"https:\/\/gtselbe.hamburg.de\/index.php?rest_route=\/wp\/v2\/pages"}],"about":[{"href":"https:\/\/gtselbe.hamburg.de\/index.php?rest_route=\/wp\/v2\/types\/page"}],"author":[{"embeddable":true,"href":"https:\/\/gtselbe.hamburg.de\/index.php?rest_route=\/wp\/v2\/users\/8"}],"replies":[{"embeddable":true,"href":"https:\/\/gtselbe.hamburg.de\/index.php?rest_route=%2Fwp%2Fv2%2Fcomments&post=70"}],"version-history":[{"count":10,"href":"https:\/\/gtselbe.hamburg.de\/index.php?rest_route=\/wp\/v2\/pages\/70\/revisions"}],"predecessor-version":[{"id":3439,"href":"https:\/\/gtselbe.hamburg.de\/index.php?rest_route=\/wp\/v2\/pages\/70\/revisions\/3439"}],"wp:attachment":[{"href":"https:\/\/gtselbe.hamburg.de\/index.php?rest_route=%2Fwp%2Fv2%2Fmedia&parent=70"}],"curies":[{"name":"wp","href":"https:\/\/api.w.org\/{rel}","templated":true}]}}