{"id":901,"date":"2021-04-15T14:07:22","date_gmt":"2021-04-15T12:07:22","guid":{"rendered":"https:\/\/gtselbe.hamburg.de\/?page_id=901"},"modified":"2023-03-25T10:35:20","modified_gmt":"2023-03-25T09:35:20","slug":"abriss","status":"publish","type":"page","link":"https:\/\/gtselbe.hamburg.de\/?page_id=901","title":{"rendered":"2018 &#8211; Abriss des alten Geb\u00e4udes"},"content":{"rendered":"<p style=\"text-align: left\"><span style=\"font-family: tahoma, arial, helvetica, sans-serif;font-size: 14pt\">Nach unserem Umzug im Sommer 2018 in die Carsten-Rehder-Stra\u00dfe wurden die alten Geb\u00e4ude in der Struenseestra\u00dfe nacheinander abgerissen:<\/span><\/p>\n<p><img loading=\"lazy\" decoding=\"async\" class=\"wp-image-785 size-large aligncenter\" src=\"https:\/\/gtselbe.hamburg.de\/wp-content\/uploads\/sites\/13\/2021\/03\/Abriss-1-768x1024.jpg\" alt=\"\" width=\"525\" height=\"700\" srcset=\"https:\/\/gtselbe.hamburg.de\/wp-content\/uploads\/sites\/13\/2021\/03\/Abriss-1-768x1023.jpg 768w, https:\/\/gtselbe.hamburg.de\/wp-content\/uploads\/sites\/13\/2021\/03\/Abriss-1-225x300.jpg 225w, https:\/\/gtselbe.hamburg.de\/wp-content\/uploads\/sites\/13\/2021\/03\/Abriss-1-1153x1536.jpg 1153w, https:\/\/gtselbe.hamburg.de\/wp-content\/uploads\/sites\/13\/2021\/03\/Abriss-1.jpg 1500w\" sizes=\"auto, (max-width: 525px) 100vw, 525px\" \/><\/p>\n<p><img loading=\"lazy\" decoding=\"async\" class=\"wp-image-786 size-full aligncenter\" src=\"https:\/\/gtselbe.hamburg.de\/wp-content\/uploads\/sites\/13\/2021\/03\/Abriss-2.jpg\" alt=\"\" width=\"1000\" height=\"486\" srcset=\"https:\/\/gtselbe.hamburg.de\/wp-content\/uploads\/sites\/13\/2021\/03\/Abriss-2.jpg 1000w, https:\/\/gtselbe.hamburg.de\/wp-content\/uploads\/sites\/13\/2021\/03\/Abriss-2-300x146.jpg 300w, https:\/\/gtselbe.hamburg.de\/wp-content\/uploads\/sites\/13\/2021\/03\/Abriss-2-768x373.jpg 768w\" sizes=\"auto, (max-width: 706px) 89vw, (max-width: 767px) 82vw, 740px\" \/><\/p>\n<p><img loading=\"lazy\" decoding=\"async\" class=\"wp-image-787 size-full aligncenter\" src=\"https:\/\/gtselbe.hamburg.de\/wp-content\/uploads\/sites\/13\/2021\/03\/Abriss-3.jpg\" alt=\"\" width=\"1500\" height=\"729\" srcset=\"https:\/\/gtselbe.hamburg.de\/wp-content\/uploads\/sites\/13\/2021\/03\/Abriss-3.jpg 1500w, https:\/\/gtselbe.hamburg.de\/wp-content\/uploads\/sites\/13\/2021\/03\/Abriss-3-300x146.jpg 300w, https:\/\/gtselbe.hamburg.de\/wp-content\/uploads\/sites\/13\/2021\/03\/Abriss-3-1024x498.jpg 1024w, https:\/\/gtselbe.hamburg.de\/wp-content\/uploads\/sites\/13\/2021\/03\/Abriss-3-768x373.jpg 768w\" sizes=\"auto, (max-width: 706px) 89vw, (max-width: 767px) 82vw, 740px\" \/><\/p>\n<p><img loading=\"lazy\" decoding=\"async\" class=\"wp-image-788 size-large aligncenter\" src=\"https:\/\/gtselbe.hamburg.de\/wp-content\/uploads\/sites\/13\/2021\/03\/Abriss-4-1024x498.jpg\" alt=\"\" width=\"525\" height=\"255\" srcset=\"https:\/\/gtselbe.hamburg.de\/wp-content\/uploads\/sites\/13\/2021\/03\/Abriss-4-1024x498.jpg 1024w, https:\/\/gtselbe.hamburg.de\/wp-content\/uploads\/sites\/13\/2021\/03\/Abriss-4-300x146.jpg 300w, https:\/\/gtselbe.hamburg.de\/wp-content\/uploads\/sites\/13\/2021\/03\/Abriss-4-768x373.jpg 768w, https:\/\/gtselbe.hamburg.de\/wp-content\/uploads\/sites\/13\/2021\/03\/Abriss-4.jpg 1500w\" sizes=\"auto, (max-width: 525px) 100vw, 525px\" \/><\/p>\n<p><img loading=\"lazy\" decoding=\"async\" class=\"wp-image-789 size-large aligncenter\" src=\"https:\/\/gtselbe.hamburg.de\/wp-content\/uploads\/sites\/13\/2021\/03\/Abriss-5-498x1024.jpg\" alt=\"\" width=\"498\" height=\"1024\" srcset=\"https:\/\/gtselbe.hamburg.de\/wp-content\/uploads\/sites\/13\/2021\/03\/Abriss-5-498x1024.jpg 498w, https:\/\/gtselbe.hamburg.de\/wp-content\/uploads\/sites\/13\/2021\/03\/Abriss-5-146x300.jpg 146w, https:\/\/gtselbe.hamburg.de\/wp-content\/uploads\/sites\/13\/2021\/03\/Abriss-5-768x1579.jpg 768w, https:\/\/gtselbe.hamburg.de\/wp-content\/uploads\/sites\/13\/2021\/03\/Abriss-5-747x1536.jpg 747w, https:\/\/gtselbe.hamburg.de\/wp-content\/uploads\/sites\/13\/2021\/03\/Abriss-5.jpg 996w\" sizes=\"auto, (max-width: 498px) 100vw, 498px\" \/><\/p>\n<p><span style=\"font-family: tahoma, arial, helvetica, sans-serif;font-size: 14pt\">Es folgte eine lange Planungszeit und im Sp\u00e4tsommer 2023 beginnen die Bauarbeiten auf dem Schulgel\u00e4nde in der Struenseestra\u00dfe. Wir planen, im Sommer 2025 in unser neues Schulgeb\u00e4ude auf dem Campus Struenseestra\u00dfe zu ziehen. Mal sehen, ob es klappt&#8230; \ud83d\ude09<br \/>\n<\/span><\/p>\n<p style=\"text-align: left\"><span style=\"font-size: 14pt;font-family: tahoma, arial, helvetica, sans-serif\">F\u00fcr Informationen zum Neubau des Campus Struenseestra\u00dfe klicken Sie bitte auf folgenden Link:<\/span><\/p>\n<p style=\"text-align: left\"><a href=\"https:\/\/www.schulbau.hamburg\/bauprojekte\/11407206\/campus-struenseestrasse\/\" target=\"_blank\" rel=\"noopener\">Campus Struenseestra\u00dfe &#8211; Schulbau Hamburg<\/a><\/p>\n","protected":false},"excerpt":{"rendered":"<p>Nach unserem Umzug im Sommer 2018 in die Carsten-Rehder-Stra\u00dfe wurden die alten Geb\u00e4ude in der Struenseestra\u00dfe nacheinander abgerissen: Es folgte eine lange Planungszeit und im Sp\u00e4tsommer 2023 beginnen die Bauarbeiten auf dem Schulgel\u00e4nde in der Struenseestra\u00dfe. Wir planen, im Sommer 2025 in unser neues Schulgeb\u00e4ude auf dem Campus Struenseestra\u00dfe zu ziehen. Mal sehen, ob es &hellip; <\/p>\n<p class=\"link-more\"><a href=\"https:\/\/gtselbe.hamburg.de\/?page_id=901\" class=\"more-link\"><span class=\"screen-reader-text\">\u201e2018 &#8211; Abriss des alten Geb\u00e4udes\u201c <\/span>weiterlesen<\/a><\/p>\n","protected":false},"author":8,"featured_media":0,"parent":0,"menu_order":0,"comment_status":"closed","ping_status":"closed","template":"","meta":{"_acf_changed":false,"footnotes":""},"class_list":["post-901","page","type-page","status-publish","hentry"],"acf":[],"_links":{"self":[{"href":"https:\/\/gtselbe.hamburg.de\/index.php?rest_route=\/wp\/v2\/pages\/901","targetHints":{"allow":["GET"]}}],"collection":[{"href":"https:\/\/gtselbe.hamburg.de\/index.php?rest_route=\/wp\/v2\/pages"}],"about":[{"href":"https:\/\/gtselbe.hamburg.de\/index.php?rest_route=\/wp\/v2\/types\/page"}],"author":[{"embeddable":true,"href":"https:\/\/gtselbe.hamburg.de\/index.php?rest_route=\/wp\/v2\/users\/8"}],"replies":[{"embeddable":true,"href":"https:\/\/gtselbe.hamburg.de\/index.php?rest_route=%2Fwp%2Fv2%2Fcomments&post=901"}],"version-history":[{"count":11,"href":"https:\/\/gtselbe.hamburg.de\/index.php?rest_route=\/wp\/v2\/pages\/901\/revisions"}],"predecessor-version":[{"id":1982,"href":"https:\/\/gtselbe.hamburg.de\/index.php?rest_route=\/wp\/v2\/pages\/901\/revisions\/1982"}],"wp:attachment":[{"href":"https:\/\/gtselbe.hamburg.de\/index.php?rest_route=%2Fwp%2Fv2%2Fmedia&parent=901"}],"curies":[{"name":"wp","href":"https:\/\/api.w.org\/{rel}","templated":true}]}}